{"id":664,"date":"2014-02-27T09:17:44","date_gmt":"2014-02-27T09:17:44","guid":{"rendered":"http:\/\/www.spikeri.lv\/?page_id=664"},"modified":"2017-03-30T13:51:16","modified_gmt":"2017-03-30T10:51:16","slug":"in-sight","status":"publish","type":"page","link":"https:\/\/www.spikeri.lv\/en\/in-sight\/","title":{"rendered":"Rent"},"content":{"rendered":"<div id=\"main\">\n<div id=\"content\" class=\"single-post\">\n<div class=\"post-wrap\">\n<article id=\"post-4500\" class=\"post-4500 events type-events status-publish has-post-thumbnail hentry\">\n<header class=\"entry-header\">\n<h3>Office and commercial spaces in Spikeri<\/h3>\n<h4>Commercial and office spaces for rent in the city center in the renovated Spikeri quarter with developed infrastructure.<\/h4>\n<p>Space for every taste at the same time combines today&#8217;s modern and historic aura, creating a pleasant atmosphere for your work environment.<\/p>\n<\/header>\n<blockquote><p>FOR MORE INFORMATION PLEASE WRITE US E-MAIL: &#x69;&#110;&#x66;&#x6f;&#64;&#x73;&#x70;&#105;&#x6b;&#x65;&#114;&#x75;&#x6e;a&#x6d;&#x69;&#46;&#x6c;&#118;<\/p><\/blockquote>\n<header class=\"entry-header\">\u00a0<\/header>\n<h3><span id=\"result_box\" class=\"short_text\" lang=\"en\"><span class=\"\">Actual<\/span> <span class=\"\">Rental Deals<\/span><\/span><\/h3>\n<h4><span id=\"result_box\" class=\"short_text\" lang=\"en\">Commercial space, <span class=\"\">289.5<\/span> <span class=\"\">m2<\/span><\/span><\/h4>\n<p>Address: Maskavas street 4, R\u012bga, LV- 1050<\/p>\n<p><span id=\"result_box\" class=\"\" lang=\"en\"><span class=\"alt-edited\">Space<\/span> is <span class=\"\">suitable for<\/span> <span class=\"\">commercial<\/span> <span class=\"\">services<\/span> <span class=\"\">&#8211;<\/span> <span class=\"\">shop<\/span><span class=\"\">, showrooms<\/span><span class=\"\">, etc.<\/span><\/span><\/p>\n<p><span id=\"result_box\" class=\"\" lang=\"en\"><span class=\"\">The total area of 289.5 sq.m.<br \/>\nFirst floor 150.7 sq.m.<br \/>\nBasement 138.8 sq.m.<\/span><\/span><\/p>\n<p><span id=\"result_box\" class=\"\" lang=\"en\"><span class=\"\">&#8211;<\/span> <span class=\"\">Front<\/span> <span class=\"\">building, renovated<\/span>.<br \/>\n<span class=\"\">&#8211; Rooms<\/span> <span class=\"\">in good<\/span> <span class=\"\">condition<\/span><span class=\"\">,<\/span> <span class=\"\">equipped<\/span> <span class=\"\">with all the communications<\/span>.<br \/>\n<span class=\"\">&#8211; Separate<\/span> <span class=\"\">bathroom and<\/span> <span class=\"\">toilet, a kitchen<\/span><span class=\"\">.<\/span><\/span><\/p>\n<div id='gallery-1' class='gallery galleryid-664 gallery-columns-3 gallery-size-medium'><dl class='gallery-item'>\n\t\t\t<dt class='gallery-icon landscape'>\n\t\t\t\t<a rel=\"group\" href='https:\/\/www.spikeri.lv\/en\/aktuali\/5-27\/'><img width=\"300\" height=\"171\" src=\"https:\/\/www.spikeri.lv\/wp-content\/uploads\/2014\/02\/5-2-300x171.jpg\" class=\"attachment-medium size-medium\" alt=\"\" decoding=\"async\" loading=\"lazy\" srcset=\"https:\/\/www.spikeri.lv\/wp-content\/uploads\/2014\/02\/5-2-300x171.jpg 300w, https:\/\/www.spikeri.lv\/wp-content\/uploads\/2014\/02\/5-2-768x439.jpg 768w, https:\/\/www.spikeri.lv\/wp-content\/uploads\/2014\/02\/5-2-1024x585.jpg 1024w, https:\/\/www.spikeri.lv\/wp-content\/uploads\/2014\/02\/5-2.jpg 1300w\" sizes=\"(max-width: 300px) 100vw, 300px\" \/><\/a>\n\t\t\t<\/dt><\/dl><dl class='gallery-item'>\n\t\t\t<dt class='gallery-icon landscape'>\n\t\t\t\t<a rel=\"group\" href='https:\/\/www.spikeri.lv\/en\/aktuali\/masakvas-4-5-2\/'><img width=\"300\" height=\"200\" src=\"https:\/\/www.spikeri.lv\/wp-content\/uploads\/2014\/02\/Masakvas-4-5-1-300x200.jpg\" class=\"attachment-medium size-medium\" alt=\"\" decoding=\"async\" loading=\"lazy\" srcset=\"https:\/\/www.spikeri.lv\/wp-content\/uploads\/2014\/02\/Masakvas-4-5-1-300x200.jpg 300w, https:\/\/www.spikeri.lv\/wp-content\/uploads\/2014\/02\/Masakvas-4-5-1-768x512.jpg 768w, https:\/\/www.spikeri.lv\/wp-content\/uploads\/2014\/02\/Masakvas-4-5-1-1024x682.jpg 1024w, https:\/\/www.spikeri.lv\/wp-content\/uploads\/2014\/02\/Masakvas-4-5-1-800x530.jpg 800w, https:\/\/www.spikeri.lv\/wp-content\/uploads\/2014\/02\/Masakvas-4-5-1.jpg 1100w\" sizes=\"(max-width: 300px) 100vw, 300px\" \/><\/a>\n\t\t\t<\/dt><\/dl><dl class='gallery-item'>\n\t\t\t<dt class='gallery-icon landscape'>\n\t\t\t\t<a rel=\"group\" href='https:\/\/www.spikeri.lv\/en\/aktuali\/maskavas-4-11\/'><img width=\"300\" height=\"201\" src=\"https:\/\/www.spikeri.lv\/wp-content\/uploads\/2014\/02\/Maskavas-4-11-300x201.jpg\" class=\"attachment-medium size-medium\" alt=\"\" decoding=\"async\" loading=\"lazy\" srcset=\"https:\/\/www.spikeri.lv\/wp-content\/uploads\/2014\/02\/Maskavas-4-11-300x201.jpg 300w, https:\/\/www.spikeri.lv\/wp-content\/uploads\/2014\/02\/Maskavas-4-11-768x514.jpg 768w, https:\/\/www.spikeri.lv\/wp-content\/uploads\/2014\/02\/Maskavas-4-11.jpg 953w\" sizes=\"(max-width: 300px) 100vw, 300px\" \/><\/a>\n\t\t\t<\/dt><\/dl><br style=\"clear: both\" \/><dl class='gallery-item'>\n\t\t\t<dt class='gallery-icon landscape'>\n\t\t\t\t<a rel=\"group\" href='https:\/\/www.spikeri.lv\/en\/aktuali\/maskavas-4-3-2\/'><img width=\"300\" height=\"200\" src=\"https:\/\/www.spikeri.lv\/wp-content\/uploads\/2014\/02\/Maskavas-4-3-1-300x200.jpg\" class=\"attachment-medium size-medium\" alt=\"\" decoding=\"async\" loading=\"lazy\" srcset=\"https:\/\/www.spikeri.lv\/wp-content\/uploads\/2014\/02\/Maskavas-4-3-1-300x200.jpg 300w, https:\/\/www.spikeri.lv\/wp-content\/uploads\/2014\/02\/Maskavas-4-3-1-768x512.jpg 768w, https:\/\/www.spikeri.lv\/wp-content\/uploads\/2014\/02\/Maskavas-4-3-1-1024x682.jpg 1024w, https:\/\/www.spikeri.lv\/wp-content\/uploads\/2014\/02\/Maskavas-4-3-1-800x530.jpg 800w, https:\/\/www.spikeri.lv\/wp-content\/uploads\/2014\/02\/Maskavas-4-3-1.jpg 1100w\" sizes=\"(max-width: 300px) 100vw, 300px\" \/><\/a>\n\t\t\t<\/dt><\/dl><dl class='gallery-item'>\n\t\t\t<dt class='gallery-icon landscape'>\n\t\t\t\t<a rel=\"group\" href='https:\/\/www.spikeri.lv\/en\/aktuali\/maskavas-4-4-2\/'><img width=\"300\" height=\"200\" src=\"https:\/\/www.spikeri.lv\/wp-content\/uploads\/2014\/02\/Maskavas-4-4-1-300x200.jpg\" class=\"attachment-medium size-medium\" alt=\"\" decoding=\"async\" loading=\"lazy\" srcset=\"https:\/\/www.spikeri.lv\/wp-content\/uploads\/2014\/02\/Maskavas-4-4-1-300x200.jpg 300w, https:\/\/www.spikeri.lv\/wp-content\/uploads\/2014\/02\/Maskavas-4-4-1-768x512.jpg 768w, https:\/\/www.spikeri.lv\/wp-content\/uploads\/2014\/02\/Maskavas-4-4-1-1024x682.jpg 1024w, https:\/\/www.spikeri.lv\/wp-content\/uploads\/2014\/02\/Maskavas-4-4-1-800x530.jpg 800w, https:\/\/www.spikeri.lv\/wp-content\/uploads\/2014\/02\/Maskavas-4-4-1.jpg 1100w\" sizes=\"(max-width: 300px) 100vw, 300px\" \/><\/a>\n\t\t\t<\/dt><\/dl><dl class='gallery-item'>\n\t\t\t<dt class='gallery-icon landscape'>\n\t\t\t\t<a rel=\"group\" href='https:\/\/www.spikeri.lv\/en\/aktuali\/maskavas-4-22\/'><img width=\"300\" height=\"200\" src=\"https:\/\/www.spikeri.lv\/wp-content\/uploads\/2014\/02\/Maskavas-4-22-300x200.jpg\" class=\"attachment-medium size-medium\" alt=\"\" decoding=\"async\" loading=\"lazy\" srcset=\"https:\/\/www.spikeri.lv\/wp-content\/uploads\/2014\/02\/Maskavas-4-22-300x200.jpg 300w, https:\/\/www.spikeri.lv\/wp-content\/uploads\/2014\/02\/Maskavas-4-22-768x512.jpg 768w, https:\/\/www.spikeri.lv\/wp-content\/uploads\/2014\/02\/Maskavas-4-22-1024x682.jpg 1024w, https:\/\/www.spikeri.lv\/wp-content\/uploads\/2014\/02\/Maskavas-4-22-800x530.jpg 800w, https:\/\/www.spikeri.lv\/wp-content\/uploads\/2014\/02\/Maskavas-4-22.jpg 1100w\" sizes=\"(max-width: 300px) 100vw, 300px\" \/><\/a>\n\t\t\t<\/dt><\/dl><br style=\"clear: both\" \/>\n\t\t<\/div>\n\n<h4><\/h4>\n<h4><span id=\"result_box\" class=\"short_text\" lang=\"en\"><span class=\"\">Office space<\/span><span class=\"\">,<\/span> <span class=\"\">208<\/span> <span class=\"\">m2<\/span><\/span><\/h4>\n<p>Address: Maskavas street 6, R\u012bga, LV- 1050, second floor<\/p>\n<p><span id=\"result_box\" class=\"\" lang=\"en\"><span class=\"alt-edited\">Space<\/span> is <span class=\"\">suitable for<\/span> office<span class=\"\">.<\/span><\/span><\/p>\n<p><span id=\"result_box\" class=\"\" lang=\"en\"><span class=\"\">Front<\/span> <span class=\"\">building, renovated<\/span>.<br \/>\n<span class=\"alt-edited\">Space<\/span> <span class=\"\">in good<\/span> <span class=\"\">condition<\/span><span class=\"\">,<\/span> <span class=\"\">equipped<\/span> <span class=\"\">with all the communications<\/span> <span class=\"\">and<\/span> ventilation.<br \/>\n<span class=\"\">A separate<\/span> <span class=\"\">bathroom and<\/span> <span class=\"\">toilet, a kitchen<\/span>.<br \/>\nThe building <span class=\"\">is equipped<\/span> <span class=\"\">with a gas<\/span> <span class=\"\">heating.<\/span><br \/>\n<span class=\"\">Location and<\/span> <span class=\"\">Infrastructure:<\/span> <span class=\"\">The center of Riga<\/span><span class=\"\">,<\/span> at the beginning of <span class=\"\">Maskavas<\/span> street.<br \/>\n<span class=\"\">Located next to the<\/span> <span class=\"\">Riga Central Market<\/span> <span class=\"\">and<\/span> <span class=\"\">Riga International<\/span> <span class=\"\">Bus Station<\/span><span class=\"\">.<\/span><br \/>\n<span class=\"\">Convenient public transport movement<\/span>, <span class=\"\">a lot of traffic<\/span><span class=\"\">, next to the<\/span> <span class=\"\">paid parking<\/span><span class=\"\">.<\/span><\/span><\/p>\n<\/article>\n<article class=\"post-4500 events type-events status-publish has-post-thumbnail hentry\"><\/article>\n<article class=\"post-4500 events type-events status-publish has-post-thumbnail hentry\"><div id='gallery-2' class='gallery galleryid-664 gallery-columns-3 gallery-size-medium'><dl class='gallery-item'>\n\t\t\t<dt class='gallery-icon landscape'>\n\t\t\t\t<a rel=\"group\" href='https:\/\/www.spikeri.lv\/en\/m6-telpu-noma-spikeri\/'><img width=\"300\" height=\"193\" src=\"https:\/\/www.spikeri.lv\/wp-content\/uploads\/2017\/02\/M6-TELPU-NOMA-SPIKERI-300x193.png\" class=\"attachment-medium size-medium\" alt=\"\" decoding=\"async\" loading=\"lazy\" srcset=\"https:\/\/www.spikeri.lv\/wp-content\/uploads\/2017\/02\/M6-TELPU-NOMA-SPIKERI-300x193.png 300w, https:\/\/www.spikeri.lv\/wp-content\/uploads\/2017\/02\/M6-TELPU-NOMA-SPIKERI-768x493.png 768w, https:\/\/www.spikeri.lv\/wp-content\/uploads\/2017\/02\/M6-TELPU-NOMA-SPIKERI-1024x658.png 1024w, https:\/\/www.spikeri.lv\/wp-content\/uploads\/2017\/02\/M6-TELPU-NOMA-SPIKERI.png 1270w\" sizes=\"(max-width: 300px) 100vw, 300px\" \/><\/a>\n\t\t\t<\/dt><\/dl><dl class='gallery-item'>\n\t\t\t<dt class='gallery-icon landscape'>\n\t\t\t\t<a rel=\"group\" href='https:\/\/www.spikeri.lv\/en\/m_6-2stavs_208_plans\/'><img width=\"300\" height=\"182\" src=\"https:\/\/www.spikeri.lv\/wp-content\/uploads\/2017\/02\/M_6-2stavs_208_plans-300x182.jpg\" class=\"attachment-medium size-medium\" alt=\"\" decoding=\"async\" loading=\"lazy\" srcset=\"https:\/\/www.spikeri.lv\/wp-content\/uploads\/2017\/02\/M_6-2stavs_208_plans-300x182.jpg 300w, https:\/\/www.spikeri.lv\/wp-content\/uploads\/2017\/02\/M_6-2stavs_208_plans-768x466.jpg 768w, https:\/\/www.spikeri.lv\/wp-content\/uploads\/2017\/02\/M_6-2stavs_208_plans.jpg 1024w\" sizes=\"(max-width: 300px) 100vw, 300px\" \/><\/a>\n\t\t\t<\/dt><\/dl><dl class='gallery-item'>\n\t\t\t<dt class='gallery-icon landscape'>\n\t\t\t\t<a rel=\"group\" href='https:\/\/www.spikeri.lv\/en\/img_20150214_081347\/'><img width=\"300\" height=\"225\" src=\"https:\/\/www.spikeri.lv\/wp-content\/uploads\/2017\/02\/IMG_20150214_081347-300x225.jpg\" class=\"attachment-medium size-medium\" alt=\"\" decoding=\"async\" loading=\"lazy\" srcset=\"https:\/\/www.spikeri.lv\/wp-content\/uploads\/2017\/02\/IMG_20150214_081347-300x225.jpg 300w, https:\/\/www.spikeri.lv\/wp-content\/uploads\/2017\/02\/IMG_20150214_081347-768x576.jpg 768w, https:\/\/www.spikeri.lv\/wp-content\/uploads\/2017\/02\/IMG_20150214_081347.jpg 1024w, https:\/\/www.spikeri.lv\/wp-content\/uploads\/2017\/02\/IMG_20150214_081347-120x90.jpg 120w\" sizes=\"(max-width: 300px) 100vw, 300px\" \/><\/a>\n\t\t\t<\/dt><\/dl><br style=\"clear: both\" \/><dl class='gallery-item'>\n\t\t\t<dt class='gallery-icon landscape'>\n\t\t\t\t<a rel=\"group\" href='https:\/\/www.spikeri.lv\/en\/2015-02-14-08-17-30\/'><img width=\"300\" height=\"225\" src=\"https:\/\/www.spikeri.lv\/wp-content\/uploads\/2017\/02\/2015-02-14-08.17.30-300x225.jpg\" class=\"attachment-medium size-medium\" alt=\"\" decoding=\"async\" loading=\"lazy\" srcset=\"https:\/\/www.spikeri.lv\/wp-content\/uploads\/2017\/02\/2015-02-14-08.17.30-300x225.jpg 300w, https:\/\/www.spikeri.lv\/wp-content\/uploads\/2017\/02\/2015-02-14-08.17.30-768x576.jpg 768w, https:\/\/www.spikeri.lv\/wp-content\/uploads\/2017\/02\/2015-02-14-08.17.30.jpg 1024w, https:\/\/www.spikeri.lv\/wp-content\/uploads\/2017\/02\/2015-02-14-08.17.30-120x90.jpg 120w\" sizes=\"(max-width: 300px) 100vw, 300px\" \/><\/a>\n\t\t\t<\/dt><\/dl><dl class='gallery-item'>\n\t\t\t<dt class='gallery-icon landscape'>\n\t\t\t\t<a rel=\"group\" href='https:\/\/www.spikeri.lv\/en\/2015-02-14-08-14-47\/'><img width=\"300\" height=\"225\" src=\"https:\/\/www.spikeri.lv\/wp-content\/uploads\/2017\/02\/2015-02-14-08.14.47-300x225.jpg\" class=\"attachment-medium size-medium\" alt=\"\" decoding=\"async\" loading=\"lazy\" srcset=\"https:\/\/www.spikeri.lv\/wp-content\/uploads\/2017\/02\/2015-02-14-08.14.47-300x225.jpg 300w, https:\/\/www.spikeri.lv\/wp-content\/uploads\/2017\/02\/2015-02-14-08.14.47-768x576.jpg 768w, https:\/\/www.spikeri.lv\/wp-content\/uploads\/2017\/02\/2015-02-14-08.14.47.jpg 1024w, https:\/\/www.spikeri.lv\/wp-content\/uploads\/2017\/02\/2015-02-14-08.14.47-120x90.jpg 120w\" sizes=\"(max-width: 300px) 100vw, 300px\" \/><\/a>\n\t\t\t<\/dt><\/dl><dl class='gallery-item'>\n\t\t\t<dt class='gallery-icon landscape'>\n\t\t\t\t<a rel=\"group\" href='https:\/\/www.spikeri.lv\/en\/2015-02-14-08-14-10-2\/'><img width=\"300\" height=\"225\" src=\"https:\/\/www.spikeri.lv\/wp-content\/uploads\/2017\/02\/2015-02-14-08.14.10-300x225.jpg\" class=\"attachment-medium size-medium\" alt=\"\" decoding=\"async\" loading=\"lazy\" srcset=\"https:\/\/www.spikeri.lv\/wp-content\/uploads\/2017\/02\/2015-02-14-08.14.10-300x225.jpg 300w, https:\/\/www.spikeri.lv\/wp-content\/uploads\/2017\/02\/2015-02-14-08.14.10-768x576.jpg 768w, https:\/\/www.spikeri.lv\/wp-content\/uploads\/2017\/02\/2015-02-14-08.14.10.jpg 1024w, https:\/\/www.spikeri.lv\/wp-content\/uploads\/2017\/02\/2015-02-14-08.14.10-120x90.jpg 120w\" sizes=\"(max-width: 300px) 100vw, 300px\" \/><\/a>\n\t\t\t<\/dt><\/dl><br style=\"clear: both\" \/>\n\t\t<\/div>\n<\/article>\n<\/div>\n<\/div>\n<\/div>\n<div id=\"__if72ru4sdfsdfrkjahiuyi_once\" style=\"display: none;\"><\/div>\n<div id=\"__hggasdgjhsagd_once\" style=\"display: none;\"><\/div>\n","protected":false},"excerpt":{"rendered":"<p>Office and commercial spaces in Spikeri Commercial and office spaces for rent in the city center in the renovated Spikeri quarter with developed infrastructure. Space for every taste at the same time combines today&#8217;s modern and historic aura, creating a pleasant atmosphere for your work environment. FOR MORE INFORMATION PLEASE WRITE US E-MAIL: &#x69;&#110;&#102;&#x6f;&#x40;&#115;&#112;&#x69;&#x6b;&#101;&#114;&#x75;&#x6e;&#97;&#109;&#x69;&#x2e;&#108;&#118; \u00a0 [&hellip;]<\/p>\n","protected":false},"author":1,"featured_media":0,"parent":0,"menu_order":0,"comment_status":"closed","ping_status":"closed","template":"","meta":[],"acf":[],"yoast_head":"<!-- This site is optimized with the Yoast SEO plugin v19.13 - https:\/\/yoast.com\/wordpress\/plugins\/seo\/ -->\n<title>Rent - spikeri.lv<\/title>\n<meta name=\"description\" content=\"Rental spaces in Sp\u012b\u0137eri quarter, in the center of Riga city.\" \/>\n<meta name=\"robots\" content=\"index, follow, max-snippet:-1, max-image-preview:large, max-video-preview:-1\" \/>\n<link rel=\"canonical\" href=\"https:\/\/www.spikeri.lv\/en\/in-sight\/\" \/>\n<meta property=\"og:locale\" content=\"en_US\" \/>\n<meta property=\"og:type\" content=\"article\" \/>\n<meta property=\"og:title\" content=\"Rent - spikeri.lv\" \/>\n<meta property=\"og:description\" content=\"Rental spaces in Sp\u012b\u0137eri quarter, in the center of Riga city.\" \/>\n<meta property=\"og:url\" content=\"https:\/\/www.spikeri.lv\/en\/in-sight\/\" \/>\n<meta property=\"og:site_name\" content=\"spikeri.lv\" \/>\n<meta property=\"article:publisher\" content=\"https:\/\/www.facebook.com\/spikeri?ref=hl\" \/>\n<meta property=\"article:modified_time\" content=\"2017-03-30T10:51:16+00:00\" \/>\n<meta property=\"og:image\" content=\"https:\/\/www.spikeri.lv\/wp-content\/uploads\/2014\/02\/5-2-300x171.jpg\" \/>\n<meta name=\"twitter:card\" content=\"summary_large_image\" \/>\n<meta name=\"twitter:site\" content=\"@spikeri\" \/>\n<meta name=\"twitter:label1\" content=\"Est. reading time\" \/>\n\t<meta name=\"twitter:data1\" content=\"1 minute\" \/>\n<script type=\"application\/ld+json\" class=\"yoast-schema-graph\">{\"@context\":\"https:\/\/schema.org\",\"@graph\":[{\"@type\":\"WebPage\",\"@id\":\"https:\/\/www.spikeri.lv\/en\/in-sight\/\",\"url\":\"https:\/\/www.spikeri.lv\/en\/in-sight\/\",\"name\":\"Rent - spikeri.lv\",\"isPartOf\":{\"@id\":\"https:\/\/www.spikeri.lv\/#website\"},\"datePublished\":\"2014-02-27T09:17:44+00:00\",\"dateModified\":\"2017-03-30T10:51:16+00:00\",\"description\":\"Rental spaces in Sp\u012b\u0137eri quarter, in the center of Riga city.\",\"breadcrumb\":{\"@id\":\"https:\/\/www.spikeri.lv\/en\/in-sight\/#breadcrumb\"},\"inLanguage\":\"en-US\",\"potentialAction\":[{\"@type\":\"ReadAction\",\"target\":[\"https:\/\/www.spikeri.lv\/en\/in-sight\/\"]}]},{\"@type\":\"BreadcrumbList\",\"@id\":\"https:\/\/www.spikeri.lv\/en\/in-sight\/#breadcrumb\",\"itemListElement\":[{\"@type\":\"ListItem\",\"position\":1,\"name\":\"Home\",\"item\":\"https:\/\/www.spikeri.lv\/en\/\"},{\"@type\":\"ListItem\",\"position\":2,\"name\":\"Rent\"}]},{\"@type\":\"WebSite\",\"@id\":\"https:\/\/www.spikeri.lv\/#website\",\"url\":\"https:\/\/www.spikeri.lv\/\",\"name\":\"spikeri.lv\",\"description\":\"Sp\u012b\u0137eru kvart\u0101ls - biroju noma, kult\u016bras pas\u0101kumi R\u012bg\u0101\",\"potentialAction\":[{\"@type\":\"SearchAction\",\"target\":{\"@type\":\"EntryPoint\",\"urlTemplate\":\"https:\/\/www.spikeri.lv\/?s={search_term_string}\"},\"query-input\":\"required name=search_term_string\"}],\"inLanguage\":\"en-US\"}]}<\/script>\n<!-- \/ Yoast SEO plugin. -->","yoast_head_json":{"title":"Rent - spikeri.lv","description":"Rental spaces in Sp\u012b\u0137eri quarter, in the center of Riga city.","robots":{"index":"index","follow":"follow","max-snippet":"max-snippet:-1","max-image-preview":"max-image-preview:large","max-video-preview":"max-video-preview:-1"},"canonical":"https:\/\/www.spikeri.lv\/en\/in-sight\/","og_locale":"en_US","og_type":"article","og_title":"Rent - spikeri.lv","og_description":"Rental spaces in Sp\u012b\u0137eri quarter, in the center of Riga city.","og_url":"https:\/\/www.spikeri.lv\/en\/in-sight\/","og_site_name":"spikeri.lv","article_publisher":"https:\/\/www.facebook.com\/spikeri?ref=hl","article_modified_time":"2017-03-30T10:51:16+00:00","og_image":[{"url":"https:\/\/www.spikeri.lv\/wp-content\/uploads\/2014\/02\/5-2-300x171.jpg"}],"twitter_card":"summary_large_image","twitter_site":"@spikeri","twitter_misc":{"Est. reading time":"1 minute"},"schema":{"@context":"https:\/\/schema.org","@graph":[{"@type":"WebPage","@id":"https:\/\/www.spikeri.lv\/en\/in-sight\/","url":"https:\/\/www.spikeri.lv\/en\/in-sight\/","name":"Rent - spikeri.lv","isPartOf":{"@id":"https:\/\/www.spikeri.lv\/#website"},"datePublished":"2014-02-27T09:17:44+00:00","dateModified":"2017-03-30T10:51:16+00:00","description":"Rental spaces in Sp\u012b\u0137eri quarter, in the center of Riga city.","breadcrumb":{"@id":"https:\/\/www.spikeri.lv\/en\/in-sight\/#breadcrumb"},"inLanguage":"en-US","potentialAction":[{"@type":"ReadAction","target":["https:\/\/www.spikeri.lv\/en\/in-sight\/"]}]},{"@type":"BreadcrumbList","@id":"https:\/\/www.spikeri.lv\/en\/in-sight\/#breadcrumb","itemListElement":[{"@type":"ListItem","position":1,"name":"Home","item":"https:\/\/www.spikeri.lv\/en\/"},{"@type":"ListItem","position":2,"name":"Rent"}]},{"@type":"WebSite","@id":"https:\/\/www.spikeri.lv\/#website","url":"https:\/\/www.spikeri.lv\/","name":"spikeri.lv","description":"Sp\u012b\u0137eru kvart\u0101ls - biroju noma, kult\u016bras pas\u0101kumi R\u012bg\u0101","potentialAction":[{"@type":"SearchAction","target":{"@type":"EntryPoint","urlTemplate":"https:\/\/www.spikeri.lv\/?s={search_term_string}"},"query-input":"required name=search_term_string"}],"inLanguage":"en-US"}]}},"_links":{"self":[{"href":"https:\/\/www.spikeri.lv\/en\/wp-json\/wp\/v2\/pages\/664"}],"collection":[{"href":"https:\/\/www.spikeri.lv\/en\/wp-json\/wp\/v2\/pages"}],"about":[{"href":"https:\/\/www.spikeri.lv\/en\/wp-json\/wp\/v2\/types\/page"}],"author":[{"embeddable":true,"href":"https:\/\/www.spikeri.lv\/en\/wp-json\/wp\/v2\/users\/1"}],"replies":[{"embeddable":true,"href":"https:\/\/www.spikeri.lv\/en\/wp-json\/wp\/v2\/comments?post=664"}],"version-history":[{"count":0,"href":"https:\/\/www.spikeri.lv\/en\/wp-json\/wp\/v2\/pages\/664\/revisions"}],"wp:attachment":[{"href":"https:\/\/www.spikeri.lv\/en\/wp-json\/wp\/v2\/media?parent=664"}],"curies":[{"name":"wp","href":"https:\/\/api.w.org\/{rel}","templated":true}]}}