{"id":666,"date":"2014-02-27T09:18:26","date_gmt":"2014-02-27T09:18:26","guid":{"rendered":"http:\/\/www.spikeri.lv\/?page_id=666"},"modified":"2015-12-09T16:26:24","modified_gmt":"2015-12-09T14:26:24","slug":"events","status":"publish","type":"page","link":"https:\/\/www.spikeri.lv\/en\/in-sight\/events\/","title":{"rendered":"Events"},"content":{"rendered":"<p><span id=\"result_box\" lang=\"en\"><span class=\"hps\">Our<\/span> <span class=\"hps\">creative<\/span> <span class=\"hps\">team offers<\/span> <span class=\"hps\">to participate in<\/span> <span class=\"hps\">your event<\/span> <span class=\"hps\">planning<\/span>, organization <span class=\"hps\">and implementation at Spikeri<\/span>.<\/span><\/p>\n<p><span class=\"hps\">For more information,<\/span> <span class=\"hps\">please<\/span> <span class=\"hps\">get in touch<\/span> <span class=\"hps\">using<\/span> <span class=\"hps\">the contact form<\/span> <span class=\"hps\">below<\/span>.<\/p>\n<p>&nbsp;<\/p>\n[contact-form-7 404 \"Not Found\"]\n<p><img decoding=\"async\" loading=\"lazy\" class=\"aligncenter wp-image-1184 size-full\" src=\"http:\/\/www.spikeri.lv\/wp-content\/uploads\/2014\/04\/MG_3582.jpg\" alt=\"\" width=\"1000\" height=\"667\" srcset=\"https:\/\/www.spikeri.lv\/wp-content\/uploads\/2014\/04\/MG_3582.jpg 1000w, https:\/\/www.spikeri.lv\/wp-content\/uploads\/2014\/04\/MG_3582-300x200.jpg 300w\" sizes=\"(max-width: 1000px) 100vw, 1000px\" \/><\/p>\n","protected":false},"excerpt":{"rendered":"<p>Our creative team offers to participate in your event planning, organization and implementation at Spikeri. For more information, please get in touch using the contact form below. &nbsp;<\/p>\n","protected":false},"author":1,"featured_media":0,"parent":664,"menu_order":0,"comment_status":"closed","ping_status":"open","template":"","meta":[],"acf":[],"yoast_head":"<!-- This site is optimized with the Yoast SEO plugin v19.13 - https:\/\/yoast.com\/wordpress\/plugins\/seo\/ -->\n<title>Event implementation at Spikeri district<\/title>\n<meta name=\"description\" content=\"Spikeri creative team offers to participate in your event planning, organization and implementation. For more information, please get in touch using the contact form\" \/>\n<meta name=\"robots\" content=\"index, follow, max-snippet:-1, max-image-preview:large, max-video-preview:-1\" \/>\n<link rel=\"canonical\" href=\"https:\/\/www.spikeri.lv\/en\/in-sight\/events\/\" \/>\n<meta property=\"og:locale\" content=\"en_US\" \/>\n<meta property=\"og:type\" content=\"article\" \/>\n<meta property=\"og:title\" content=\"Event implementation at Spikeri district\" \/>\n<meta property=\"og:description\" content=\"Spikeri creative team offers to participate in your event planning, organization and implementation. For more information, please get in touch using the contact form\" \/>\n<meta property=\"og:url\" content=\"https:\/\/www.spikeri.lv\/en\/in-sight\/events\/\" \/>\n<meta property=\"og:site_name\" content=\"spikeri.lv\" \/>\n<meta property=\"article:publisher\" content=\"https:\/\/www.facebook.com\/spikeri?ref=hl\" \/>\n<meta property=\"article:modified_time\" content=\"2015-12-09T14:26:24+00:00\" \/>\n<meta property=\"og:image\" content=\"http:\/\/www.spikeri.lv\/wp-content\/uploads\/2014\/04\/MG_3582.jpg\" \/>\n<meta name=\"twitter:card\" content=\"summary_large_image\" \/>\n<meta name=\"twitter:site\" content=\"@spikeri\" \/>\n<script type=\"application\/ld+json\" class=\"yoast-schema-graph\">{\"@context\":\"https:\/\/schema.org\",\"@graph\":[{\"@type\":\"WebPage\",\"@id\":\"https:\/\/www.spikeri.lv\/en\/in-sight\/events\/\",\"url\":\"https:\/\/www.spikeri.lv\/en\/in-sight\/events\/\",\"name\":\"Event implementation at Spikeri district\",\"isPartOf\":{\"@id\":\"https:\/\/www.spikeri.lv\/#website\"},\"datePublished\":\"2014-02-27T09:18:26+00:00\",\"dateModified\":\"2015-12-09T14:26:24+00:00\",\"description\":\"Spikeri creative team offers to participate in your event planning, organization and implementation. For more information, please get in touch using the contact form\",\"breadcrumb\":{\"@id\":\"https:\/\/www.spikeri.lv\/en\/in-sight\/events\/#breadcrumb\"},\"inLanguage\":\"en-US\",\"potentialAction\":[{\"@type\":\"ReadAction\",\"target\":[\"https:\/\/www.spikeri.lv\/en\/in-sight\/events\/\"]}]},{\"@type\":\"BreadcrumbList\",\"@id\":\"https:\/\/www.spikeri.lv\/en\/in-sight\/events\/#breadcrumb\",\"itemListElement\":[{\"@type\":\"ListItem\",\"position\":1,\"name\":\"Home\",\"item\":\"https:\/\/www.spikeri.lv\/en\/\"},{\"@type\":\"ListItem\",\"position\":2,\"name\":\"Rent\",\"item\":\"https:\/\/www.spikeri.lv\/en\/in-sight\/\"},{\"@type\":\"ListItem\",\"position\":3,\"name\":\"Events\"}]},{\"@type\":\"WebSite\",\"@id\":\"https:\/\/www.spikeri.lv\/#website\",\"url\":\"https:\/\/www.spikeri.lv\/\",\"name\":\"spikeri.lv\",\"description\":\"Sp\u012b\u0137eru kvart\u0101ls - biroju noma, kult\u016bras pas\u0101kumi R\u012bg\u0101\",\"potentialAction\":[{\"@type\":\"SearchAction\",\"target\":{\"@type\":\"EntryPoint\",\"urlTemplate\":\"https:\/\/www.spikeri.lv\/?s={search_term_string}\"},\"query-input\":\"required name=search_term_string\"}],\"inLanguage\":\"en-US\"}]}<\/script>\n<!-- \/ Yoast SEO plugin. -->","yoast_head_json":{"title":"Event implementation at Spikeri district","description":"Spikeri creative team offers to participate in your event planning, organization and implementation. For more information, please get in touch using the contact form","robots":{"index":"index","follow":"follow","max-snippet":"max-snippet:-1","max-image-preview":"max-image-preview:large","max-video-preview":"max-video-preview:-1"},"canonical":"https:\/\/www.spikeri.lv\/en\/in-sight\/events\/","og_locale":"en_US","og_type":"article","og_title":"Event implementation at Spikeri district","og_description":"Spikeri creative team offers to participate in your event planning, organization and implementation. For more information, please get in touch using the contact form","og_url":"https:\/\/www.spikeri.lv\/en\/in-sight\/events\/","og_site_name":"spikeri.lv","article_publisher":"https:\/\/www.facebook.com\/spikeri?ref=hl","article_modified_time":"2015-12-09T14:26:24+00:00","og_image":[{"url":"http:\/\/www.spikeri.lv\/wp-content\/uploads\/2014\/04\/MG_3582.jpg"}],"twitter_card":"summary_large_image","twitter_site":"@spikeri","schema":{"@context":"https:\/\/schema.org","@graph":[{"@type":"WebPage","@id":"https:\/\/www.spikeri.lv\/en\/in-sight\/events\/","url":"https:\/\/www.spikeri.lv\/en\/in-sight\/events\/","name":"Event implementation at Spikeri district","isPartOf":{"@id":"https:\/\/www.spikeri.lv\/#website"},"datePublished":"2014-02-27T09:18:26+00:00","dateModified":"2015-12-09T14:26:24+00:00","description":"Spikeri creative team offers to participate in your event planning, organization and implementation. For more information, please get in touch using the contact form","breadcrumb":{"@id":"https:\/\/www.spikeri.lv\/en\/in-sight\/events\/#breadcrumb"},"inLanguage":"en-US","potentialAction":[{"@type":"ReadAction","target":["https:\/\/www.spikeri.lv\/en\/in-sight\/events\/"]}]},{"@type":"BreadcrumbList","@id":"https:\/\/www.spikeri.lv\/en\/in-sight\/events\/#breadcrumb","itemListElement":[{"@type":"ListItem","position":1,"name":"Home","item":"https:\/\/www.spikeri.lv\/en\/"},{"@type":"ListItem","position":2,"name":"Rent","item":"https:\/\/www.spikeri.lv\/en\/in-sight\/"},{"@type":"ListItem","position":3,"name":"Events"}]},{"@type":"WebSite","@id":"https:\/\/www.spikeri.lv\/#website","url":"https:\/\/www.spikeri.lv\/","name":"spikeri.lv","description":"Sp\u012b\u0137eru kvart\u0101ls - biroju noma, kult\u016bras pas\u0101kumi R\u012bg\u0101","potentialAction":[{"@type":"SearchAction","target":{"@type":"EntryPoint","urlTemplate":"https:\/\/www.spikeri.lv\/?s={search_term_string}"},"query-input":"required name=search_term_string"}],"inLanguage":"en-US"}]}},"_links":{"self":[{"href":"https:\/\/www.spikeri.lv\/en\/wp-json\/wp\/v2\/pages\/666"}],"collection":[{"href":"https:\/\/www.spikeri.lv\/en\/wp-json\/wp\/v2\/pages"}],"about":[{"href":"https:\/\/www.spikeri.lv\/en\/wp-json\/wp\/v2\/types\/page"}],"author":[{"embeddable":true,"href":"https:\/\/www.spikeri.lv\/en\/wp-json\/wp\/v2\/users\/1"}],"replies":[{"embeddable":true,"href":"https:\/\/www.spikeri.lv\/en\/wp-json\/wp\/v2\/comments?post=666"}],"version-history":[{"count":0,"href":"https:\/\/www.spikeri.lv\/en\/wp-json\/wp\/v2\/pages\/666\/revisions"}],"up":[{"embeddable":true,"href":"https:\/\/www.spikeri.lv\/en\/wp-json\/wp\/v2\/pages\/664"}],"wp:attachment":[{"href":"https:\/\/www.spikeri.lv\/en\/wp-json\/wp\/v2\/media?parent=666"}],"curies":[{"name":"wp","href":"https:\/\/api.w.org\/{rel}","templated":true}]}}