{"id":670,"date":"2014-02-27T09:19:09","date_gmt":"2014-02-27T09:19:09","guid":{"rendered":"http:\/\/www.spikeri.lv\/?page_id=670"},"modified":"2015-12-09T16:25:38","modified_gmt":"2015-12-09T14:25:38","slug":"place-for-events","status":"publish","type":"page","link":"https:\/\/www.spikeri.lv\/en\/in-sight\/place-for-events\/","title":{"rendered":"Place for events"},"content":{"rendered":"<p><strong><span id=\"result_box\" lang=\"en\">Spikeri\u00a0<span class=\"hps\">district<\/span>\u00a0<span class=\"hps alt-edited\">in Riga historical<\/span> <span class=\"hps\">center<\/span> <span class=\"hps\">offers a great<\/span> <span class=\"hps\">place<\/span> <span class=\"hps\">for various<\/span> <span class=\"hps\">activities and events<\/span>.<\/span><\/strong><\/p>\n<p>&nbsp;<\/p>\n<h3><span id=\"result_box\" lang=\"en\"><span class=\"hps\">Events<\/span> <span class=\"hps alt-edited\">at Spikeri<\/span><\/span><\/h3>\n<p><span id=\"result_box\" lang=\"en\"><span class=\"hps\">Spikeri<\/span>\u00a0<span class=\"hps\">quarter<\/span> <span class=\"hps\">may be the perfect<\/span> <span class=\"hps\">place to<\/span> <span class=\"hps\">hold<\/span> <span class=\"hps\">art, culture<\/span>, <span class=\"hps\">sports<\/span> <span class=\"hps\">and<\/span> <span class=\"hps\">other public events and other activities.<\/span> <\/span><\/p>\n<p><img decoding=\"async\" loading=\"lazy\" class=\"alignnone wp-image-1540\" src=\"http:\/\/www.spikeri.lv\/wp-content\/uploads\/2014\/05\/IMG_4393.jpg\" alt=\"KIM? piecgades svin\u012bbas\" width=\"924\" height=\"566\" srcset=\"https:\/\/www.spikeri.lv\/wp-content\/uploads\/2014\/05\/IMG_4393.jpg 1024w, https:\/\/www.spikeri.lv\/wp-content\/uploads\/2014\/05\/IMG_4393-300x183.jpg 300w\" sizes=\"(max-width: 924px) 100vw, 924px\" \/><\/p>\n<h3>Spikeri &#8211;\u00a0p<span id=\"result_box\" class=\"short_text\" lang=\"en\"><span class=\"hps alt-edited\">lace for<\/span> <span class=\"hps\">filming<\/span><\/span><\/h3>\n<p><span id=\"result_box\" class=\"\" lang=\"en\"><span class=\"hps alt-edited\">Spikeri<\/span> <span class=\"hps alt-edited\">cultural and historical<\/span> <span class=\"hps\">environment will be<\/span> great<span class=\"hps\">\u00a0venue for<\/span> <span class=\"hps alt-edited\">filming<\/span> <span class=\"hps alt-edited\">movies<\/span> , <span class=\"hps\">advertisements,<\/span> <span class=\"hps\">various<\/span> <span class=\"hps\">video clips,<\/span> <span class=\"hps\">both indoors<\/span> <span class=\"hps\">and\u00a0ourdoors at<\/span>\u00a0Spikeri\u00a0creative district<span class=\"hps\">, as well as at Spikeri promenade.<\/span><\/span><\/p>\n<p>&nbsp;<\/p>\n<p>http:\/\/youtu.be\/XkJ4W4dxhEk<\/p>\n<p>&nbsp;<\/p>\n<p><strong><span class=\"hps\">For more information,<\/span> <span class=\"hps\">please<\/span> <span class=\"hps\">get in touch<\/span> <span class=\"hps\">using<\/span> <span class=\"hps\">the contact form<\/span> <span class=\"hps\">below<\/span>.<\/strong><\/p>\n[contact-form-7 404 \"Not Found\"]\n<p>&nbsp;<\/p>\n<p>&nbsp;<\/p>\n<p><span id=\"result_box\" lang=\"en\"><br \/>\n<\/span><\/p>\n","protected":false},"excerpt":{"rendered":"<p>Spikeri\u00a0district\u00a0in Riga historical center offers a great place for various activities and events. &nbsp; Events at Spikeri Spikeri\u00a0quarter may be the perfect place to hold art, culture, sports and other public events and other activities. Spikeri &#8211;\u00a0place for filming Spikeri cultural and historical environment will be great\u00a0venue for filming movies , advertisements, various video clips, [&hellip;]<\/p>\n","protected":false},"author":1,"featured_media":0,"parent":664,"menu_order":0,"comment_status":"closed","ping_status":"closed","template":"_template_ps_page.php","meta":[],"acf":[],"yoast_head":"<!-- This site is optimized with the Yoast SEO plugin v19.13 - https:\/\/yoast.com\/wordpress\/plugins\/seo\/ -->\n<title>Spikeri district - a great place for your events<\/title>\n<meta name=\"description\" content=\"Spikeri district may be the perfect place to hold art, culture, sports and other events or activities, as well as great place for film productions\" \/>\n<meta name=\"robots\" content=\"index, follow, max-snippet:-1, max-image-preview:large, max-video-preview:-1\" \/>\n<link rel=\"canonical\" href=\"https:\/\/www.spikeri.lv\/en\/in-sight\/place-for-events\/\" \/>\n<meta property=\"og:locale\" content=\"en_US\" \/>\n<meta property=\"og:type\" content=\"article\" \/>\n<meta property=\"og:title\" content=\"Spikeri district - a great place for your events\" \/>\n<meta property=\"og:description\" content=\"Spikeri district may be the perfect place to hold art, culture, sports and other events or activities, as well as great place for film productions\" \/>\n<meta property=\"og:url\" content=\"https:\/\/www.spikeri.lv\/en\/in-sight\/place-for-events\/\" \/>\n<meta property=\"og:site_name\" content=\"spikeri.lv\" \/>\n<meta property=\"article:publisher\" content=\"https:\/\/www.facebook.com\/spikeri?ref=hl\" \/>\n<meta property=\"article:modified_time\" content=\"2015-12-09T14:25:38+00:00\" \/>\n<meta property=\"og:image\" content=\"http:\/\/www.spikeri.lv\/wp-content\/uploads\/2014\/05\/IMG_4393.jpg\" \/>\n<meta name=\"twitter:card\" content=\"summary_large_image\" \/>\n<meta name=\"twitter:site\" content=\"@spikeri\" \/>\n<meta name=\"twitter:label1\" content=\"Est. reading time\" \/>\n\t<meta name=\"twitter:data1\" content=\"1 minute\" \/>\n<script type=\"application\/ld+json\" class=\"yoast-schema-graph\">{\"@context\":\"https:\/\/schema.org\",\"@graph\":[{\"@type\":\"WebPage\",\"@id\":\"https:\/\/www.spikeri.lv\/en\/in-sight\/place-for-events\/\",\"url\":\"https:\/\/www.spikeri.lv\/en\/in-sight\/place-for-events\/\",\"name\":\"Spikeri district - a great place for your events\",\"isPartOf\":{\"@id\":\"https:\/\/www.spikeri.lv\/#website\"},\"datePublished\":\"2014-02-27T09:19:09+00:00\",\"dateModified\":\"2015-12-09T14:25:38+00:00\",\"description\":\"Spikeri district may be the perfect place to hold art, culture, sports and other events or activities, as well as great place for film productions\",\"breadcrumb\":{\"@id\":\"https:\/\/www.spikeri.lv\/en\/in-sight\/place-for-events\/#breadcrumb\"},\"inLanguage\":\"en-US\",\"potentialAction\":[{\"@type\":\"ReadAction\",\"target\":[\"https:\/\/www.spikeri.lv\/en\/in-sight\/place-for-events\/\"]}]},{\"@type\":\"BreadcrumbList\",\"@id\":\"https:\/\/www.spikeri.lv\/en\/in-sight\/place-for-events\/#breadcrumb\",\"itemListElement\":[{\"@type\":\"ListItem\",\"position\":1,\"name\":\"Home\",\"item\":\"https:\/\/www.spikeri.lv\/en\/\"},{\"@type\":\"ListItem\",\"position\":2,\"name\":\"Rent\",\"item\":\"https:\/\/www.spikeri.lv\/en\/in-sight\/\"},{\"@type\":\"ListItem\",\"position\":3,\"name\":\"Place for events\"}]},{\"@type\":\"WebSite\",\"@id\":\"https:\/\/www.spikeri.lv\/#website\",\"url\":\"https:\/\/www.spikeri.lv\/\",\"name\":\"spikeri.lv\",\"description\":\"Sp\u012b\u0137eru kvart\u0101ls - biroju noma, kult\u016bras pas\u0101kumi R\u012bg\u0101\",\"potentialAction\":[{\"@type\":\"SearchAction\",\"target\":{\"@type\":\"EntryPoint\",\"urlTemplate\":\"https:\/\/www.spikeri.lv\/?s={search_term_string}\"},\"query-input\":\"required name=search_term_string\"}],\"inLanguage\":\"en-US\"}]}<\/script>\n<!-- \/ Yoast SEO plugin. -->","yoast_head_json":{"title":"Spikeri district - a great place for your events","description":"Spikeri district may be the perfect place to hold art, culture, sports and other events or activities, as well as great place for film productions","robots":{"index":"index","follow":"follow","max-snippet":"max-snippet:-1","max-image-preview":"max-image-preview:large","max-video-preview":"max-video-preview:-1"},"canonical":"https:\/\/www.spikeri.lv\/en\/in-sight\/place-for-events\/","og_locale":"en_US","og_type":"article","og_title":"Spikeri district - a great place for your events","og_description":"Spikeri district may be the perfect place to hold art, culture, sports and other events or activities, as well as great place for film productions","og_url":"https:\/\/www.spikeri.lv\/en\/in-sight\/place-for-events\/","og_site_name":"spikeri.lv","article_publisher":"https:\/\/www.facebook.com\/spikeri?ref=hl","article_modified_time":"2015-12-09T14:25:38+00:00","og_image":[{"url":"http:\/\/www.spikeri.lv\/wp-content\/uploads\/2014\/05\/IMG_4393.jpg"}],"twitter_card":"summary_large_image","twitter_site":"@spikeri","twitter_misc":{"Est. reading time":"1 minute"},"schema":{"@context":"https:\/\/schema.org","@graph":[{"@type":"WebPage","@id":"https:\/\/www.spikeri.lv\/en\/in-sight\/place-for-events\/","url":"https:\/\/www.spikeri.lv\/en\/in-sight\/place-for-events\/","name":"Spikeri district - a great place for your events","isPartOf":{"@id":"https:\/\/www.spikeri.lv\/#website"},"datePublished":"2014-02-27T09:19:09+00:00","dateModified":"2015-12-09T14:25:38+00:00","description":"Spikeri district may be the perfect place to hold art, culture, sports and other events or activities, as well as great place for film productions","breadcrumb":{"@id":"https:\/\/www.spikeri.lv\/en\/in-sight\/place-for-events\/#breadcrumb"},"inLanguage":"en-US","potentialAction":[{"@type":"ReadAction","target":["https:\/\/www.spikeri.lv\/en\/in-sight\/place-for-events\/"]}]},{"@type":"BreadcrumbList","@id":"https:\/\/www.spikeri.lv\/en\/in-sight\/place-for-events\/#breadcrumb","itemListElement":[{"@type":"ListItem","position":1,"name":"Home","item":"https:\/\/www.spikeri.lv\/en\/"},{"@type":"ListItem","position":2,"name":"Rent","item":"https:\/\/www.spikeri.lv\/en\/in-sight\/"},{"@type":"ListItem","position":3,"name":"Place for events"}]},{"@type":"WebSite","@id":"https:\/\/www.spikeri.lv\/#website","url":"https:\/\/www.spikeri.lv\/","name":"spikeri.lv","description":"Sp\u012b\u0137eru kvart\u0101ls - biroju noma, kult\u016bras pas\u0101kumi R\u012bg\u0101","potentialAction":[{"@type":"SearchAction","target":{"@type":"EntryPoint","urlTemplate":"https:\/\/www.spikeri.lv\/?s={search_term_string}"},"query-input":"required name=search_term_string"}],"inLanguage":"en-US"}]}},"_links":{"self":[{"href":"https:\/\/www.spikeri.lv\/en\/wp-json\/wp\/v2\/pages\/670"}],"collection":[{"href":"https:\/\/www.spikeri.lv\/en\/wp-json\/wp\/v2\/pages"}],"about":[{"href":"https:\/\/www.spikeri.lv\/en\/wp-json\/wp\/v2\/types\/page"}],"author":[{"embeddable":true,"href":"https:\/\/www.spikeri.lv\/en\/wp-json\/wp\/v2\/users\/1"}],"replies":[{"embeddable":true,"href":"https:\/\/www.spikeri.lv\/en\/wp-json\/wp\/v2\/comments?post=670"}],"version-history":[{"count":0,"href":"https:\/\/www.spikeri.lv\/en\/wp-json\/wp\/v2\/pages\/670\/revisions"}],"up":[{"embeddable":true,"href":"https:\/\/www.spikeri.lv\/en\/wp-json\/wp\/v2\/pages\/664"}],"wp:attachment":[{"href":"https:\/\/www.spikeri.lv\/en\/wp-json\/wp\/v2\/media?parent=670"}],"curies":[{"name":"wp","href":"https:\/\/api.w.org\/{rel}","templated":true}]}}