{"id":678,"date":"2014-02-27T09:20:29","date_gmt":"2014-02-27T09:20:29","guid":{"rendered":"http:\/\/www.spikeri.lv\/?page_id=678"},"modified":"2019-03-21T15:04:31","modified_gmt":"2019-03-21T13:04:31","slug":"spikeri-2","status":"publish","type":"page","link":"https:\/\/www.spikeri.lv\/en\/spikeri-2\/","title":{"rendered":"Spikeri creative quarter in Riga"},"content":{"rendered":"<p>Southward from the center of the Old Town of Riga, along the right bank of the Daugava, is a quarter gilded with a historical aura \u2013 <a href=\"https:\/\/www.instagram.com\/spikeru_kvartals\/\">Spikeri Quarter<\/a> and its adjacent promenade, which are part of the territory of UNESCO Cultural Heritage \u2013 the historical center of the city of Riga.<\/p>\n<p><a href=\"https:\/\/www.spikeri.lv\/en\/spikeri-2\/history\/\">Since the 14th century<\/a>, this area had a wharf for loading and unloading cargo ships. The location had several warehouses <em>(Hanf &#8211; Ambaren or &#8220;hemp warehouse&#8221; in German)<\/em>.<\/p>\n<p>The warehouse quarter was created in the second half of the 19th century, when the territory was covered with uniform warehouses. Designed in the 19thcentury by the best architects of the Baltic States, the simple but striking red brick buildings there are 150 years old.<\/p>\n<blockquote><p>As in many old industrial quarters in European cities, Spikeri Quarter, too, is home to the arts and offices. During the warm time of year, Spikeri Quarter offers a wide choice of open-air events, concerts, sporty activities, outdoor cinema evenings, flea markets and other entertainment. Spikeri Quarter is an enterprising venue, as well as one of the &#8220;hottest&#8221; spots during the capital&#8217;s large-scale happenings &#8211; White Night Festival, Riga City Festival, Night of Museums etc.<\/p><\/blockquote>\n<div class=\"arve wp-block-nextgenthemes-arve\" data-mode=\"normal\" data-oembed=\"1\" data-provider=\"youtube\" id=\"arve-youtube-odi44mwaxnm69e198ebcdfb3023335083\" style=\"max-width:1170px;\">\n<span class=\"arve-inner\"><br \/>\n<span class=\"arve-embed arve-embed--has-aspect-ratio\" style=\"aspect-ratio: 585 \/ 329\"><br \/>\n<span class=\"arve-ar\" style=\"padding-top:56.239316%\"><\/span><iframe loading=\"lazy\" allow=\"accelerometer; autoplay; clipboard-write; encrypted-media; gyroscope; picture-in-picture\" allowfullscreen class=\"arve-iframe fitvidsignore\" data-arve=\"arve-youtube-odi44mwaxnm69e198ebcdfb3023335083\" data-src-no-ap=\"https:\/\/www.youtube-nocookie.com\/embed\/OdI44MwAXnM?feature=oembed&amp;iv_load_policy=3&amp;modestbranding=1&amp;rel=0&amp;autohide=1&amp;playsinline=0&amp;autoplay=0\" frameborder=\"0\" height=\"658\" sandbox=\"allow-scripts allow-same-origin allow-presentation allow-popups allow-popups-to-escape-sandbox\" scrolling=\"no\" src=\"https:\/\/www.youtube-nocookie.com\/embed\/OdI44MwAXnM?feature=oembed&#038;iv_load_policy=3&#038;modestbranding=1&#038;rel=0&#038;autohide=1&#038;playsinline=0&#038;autoplay=0\" width=\"1170\"><\/iframe><\/p>\n<p><\/span><\/p>\n<p><\/span><br \/>\n<script type=\"application\/ld+json\">{\"@context\":\"http:\\\/\\\/schema.org\\\/\",\"@id\":\"https:\\\/\\\/www.spikeri.lv\\\/en\\\/spikeri-2\\\/#arve-youtube-odi44mwaxnm69e198ebcdfb3023335083\",\"type\":\"VideoObject\",\"embedURL\":\"https:\\\/\\\/www.youtube-nocookie.com\\\/embed\\\/OdI44MwAXnM?feature=oembed&iv_load_policy=3&modestbranding=1&rel=0&autohide=1&playsinline=0&autoplay=0\"}<\/script>\n<\/div>\n","protected":false},"excerpt":{"rendered":"<p>Southward from the center of the Old Town of Riga, along the right bank of the Daugava, is a quarter gilded with a historical aura \u2013 Spikeri Quarter and its adjacent promenade, which are part of the territory of UNESCO Cultural Heritage \u2013 the historical center of the city of Riga. Since the 14th century, [&hellip;]<\/p>\n","protected":false},"author":1,"featured_media":21081,"parent":0,"menu_order":0,"comment_status":"closed","ping_status":"closed","template":"_template_ps_page.php","meta":[],"acf":[],"yoast_head":"<!-- This site is optimized with the Yoast SEO plugin v19.13 - https:\/\/yoast.com\/wordpress\/plugins\/seo\/ -->\n<title>Spikeri creative quarter - cultural events, office rent in Riga, Latvia<\/title>\n<meta name=\"description\" content=\"Spikeri is a creative place in the center of Riga, where history meets the modern, business district with an active cultural life.\" \/>\n<meta name=\"robots\" content=\"index, follow, max-snippet:-1, max-image-preview:large, max-video-preview:-1\" \/>\n<link rel=\"canonical\" href=\"https:\/\/www.spikeri.lv\/en\/spikeri-2\/\" \/>\n<meta property=\"og:locale\" content=\"en_US\" \/>\n<meta property=\"og:type\" content=\"article\" \/>\n<meta property=\"og:title\" content=\"Spikeri creative quarter - cultural events, office rent in Riga, Latvia\" \/>\n<meta property=\"og:description\" content=\"Spikeri is a creative place in the center of Riga, where history meets the modern, business district with an active cultural life.\" \/>\n<meta property=\"og:url\" content=\"https:\/\/www.spikeri.lv\/en\/spikeri-2\/\" \/>\n<meta property=\"og:site_name\" content=\"spikeri.lv\" \/>\n<meta property=\"article:publisher\" content=\"https:\/\/www.facebook.com\/spikeri?ref=hl\" \/>\n<meta property=\"article:modified_time\" content=\"2019-03-21T13:04:31+00:00\" \/>\n<meta property=\"og:image\" content=\"https:\/\/www.spikeri.lv\/wp-content\/uploads\/2019\/01\/IMG_6562.jpg\" \/>\n\t<meta property=\"og:image:width\" content=\"2500\" \/>\n\t<meta property=\"og:image:height\" content=\"1667\" \/>\n\t<meta property=\"og:image:type\" content=\"image\/jpeg\" \/>\n<meta name=\"twitter:card\" content=\"summary_large_image\" \/>\n<meta name=\"twitter:site\" content=\"@spikeri\" \/>\n<meta name=\"twitter:label1\" content=\"Est. reading time\" \/>\n\t<meta name=\"twitter:data1\" content=\"1 minute\" \/>\n<script type=\"application\/ld+json\" class=\"yoast-schema-graph\">{\"@context\":\"https:\/\/schema.org\",\"@graph\":[{\"@type\":\"WebPage\",\"@id\":\"https:\/\/www.spikeri.lv\/en\/spikeri-2\/\",\"url\":\"https:\/\/www.spikeri.lv\/en\/spikeri-2\/\",\"name\":\"Spikeri creative quarter - cultural events, office rent in Riga, Latvia\",\"isPartOf\":{\"@id\":\"https:\/\/www.spikeri.lv\/#website\"},\"datePublished\":\"2014-02-27T09:20:29+00:00\",\"dateModified\":\"2019-03-21T13:04:31+00:00\",\"description\":\"Spikeri is a creative place in the center of Riga, where history meets the modern, business district with an active cultural life.\",\"breadcrumb\":{\"@id\":\"https:\/\/www.spikeri.lv\/en\/spikeri-2\/#breadcrumb\"},\"inLanguage\":\"en-US\",\"potentialAction\":[{\"@type\":\"ReadAction\",\"target\":[\"https:\/\/www.spikeri.lv\/en\/spikeri-2\/\"]}]},{\"@type\":\"BreadcrumbList\",\"@id\":\"https:\/\/www.spikeri.lv\/en\/spikeri-2\/#breadcrumb\",\"itemListElement\":[{\"@type\":\"ListItem\",\"position\":1,\"name\":\"Home\",\"item\":\"https:\/\/www.spikeri.lv\/en\/\"},{\"@type\":\"ListItem\",\"position\":2,\"name\":\"Spikeri creative quarter in Riga\"}]},{\"@type\":\"WebSite\",\"@id\":\"https:\/\/www.spikeri.lv\/#website\",\"url\":\"https:\/\/www.spikeri.lv\/\",\"name\":\"spikeri.lv\",\"description\":\"Sp\u012b\u0137eru kvart\u0101ls - biroju noma, kult\u016bras pas\u0101kumi R\u012bg\u0101\",\"potentialAction\":[{\"@type\":\"SearchAction\",\"target\":{\"@type\":\"EntryPoint\",\"urlTemplate\":\"https:\/\/www.spikeri.lv\/?s={search_term_string}\"},\"query-input\":\"required name=search_term_string\"}],\"inLanguage\":\"en-US\"}]}<\/script>\n<!-- \/ Yoast SEO plugin. -->","yoast_head_json":{"title":"Spikeri creative quarter - cultural events, office rent in Riga, Latvia","description":"Spikeri is a creative place in the center of Riga, where history meets the modern, business district with an active cultural life.","robots":{"index":"index","follow":"follow","max-snippet":"max-snippet:-1","max-image-preview":"max-image-preview:large","max-video-preview":"max-video-preview:-1"},"canonical":"https:\/\/www.spikeri.lv\/en\/spikeri-2\/","og_locale":"en_US","og_type":"article","og_title":"Spikeri creative quarter - cultural events, office rent in Riga, Latvia","og_description":"Spikeri is a creative place in the center of Riga, where history meets the modern, business district with an active cultural life.","og_url":"https:\/\/www.spikeri.lv\/en\/spikeri-2\/","og_site_name":"spikeri.lv","article_publisher":"https:\/\/www.facebook.com\/spikeri?ref=hl","article_modified_time":"2019-03-21T13:04:31+00:00","og_image":[{"width":2500,"height":1667,"url":"https:\/\/www.spikeri.lv\/wp-content\/uploads\/2019\/01\/IMG_6562.jpg","type":"image\/jpeg"}],"twitter_card":"summary_large_image","twitter_site":"@spikeri","twitter_misc":{"Est. reading time":"1 minute"},"schema":{"@context":"https:\/\/schema.org","@graph":[{"@type":"WebPage","@id":"https:\/\/www.spikeri.lv\/en\/spikeri-2\/","url":"https:\/\/www.spikeri.lv\/en\/spikeri-2\/","name":"Spikeri creative quarter - cultural events, office rent in Riga, Latvia","isPartOf":{"@id":"https:\/\/www.spikeri.lv\/#website"},"datePublished":"2014-02-27T09:20:29+00:00","dateModified":"2019-03-21T13:04:31+00:00","description":"Spikeri is a creative place in the center of Riga, where history meets the modern, business district with an active cultural life.","breadcrumb":{"@id":"https:\/\/www.spikeri.lv\/en\/spikeri-2\/#breadcrumb"},"inLanguage":"en-US","potentialAction":[{"@type":"ReadAction","target":["https:\/\/www.spikeri.lv\/en\/spikeri-2\/"]}]},{"@type":"BreadcrumbList","@id":"https:\/\/www.spikeri.lv\/en\/spikeri-2\/#breadcrumb","itemListElement":[{"@type":"ListItem","position":1,"name":"Home","item":"https:\/\/www.spikeri.lv\/en\/"},{"@type":"ListItem","position":2,"name":"Spikeri creative quarter in Riga"}]},{"@type":"WebSite","@id":"https:\/\/www.spikeri.lv\/#website","url":"https:\/\/www.spikeri.lv\/","name":"spikeri.lv","description":"Sp\u012b\u0137eru kvart\u0101ls - biroju noma, kult\u016bras pas\u0101kumi R\u012bg\u0101","potentialAction":[{"@type":"SearchAction","target":{"@type":"EntryPoint","urlTemplate":"https:\/\/www.spikeri.lv\/?s={search_term_string}"},"query-input":"required name=search_term_string"}],"inLanguage":"en-US"}]}},"_links":{"self":[{"href":"https:\/\/www.spikeri.lv\/en\/wp-json\/wp\/v2\/pages\/678"}],"collection":[{"href":"https:\/\/www.spikeri.lv\/en\/wp-json\/wp\/v2\/pages"}],"about":[{"href":"https:\/\/www.spikeri.lv\/en\/wp-json\/wp\/v2\/types\/page"}],"author":[{"embeddable":true,"href":"https:\/\/www.spikeri.lv\/en\/wp-json\/wp\/v2\/users\/1"}],"replies":[{"embeddable":true,"href":"https:\/\/www.spikeri.lv\/en\/wp-json\/wp\/v2\/comments?post=678"}],"version-history":[{"count":3,"href":"https:\/\/www.spikeri.lv\/en\/wp-json\/wp\/v2\/pages\/678\/revisions"}],"predecessor-version":[{"id":21604,"href":"https:\/\/www.spikeri.lv\/en\/wp-json\/wp\/v2\/pages\/678\/revisions\/21604"}],"wp:featuredmedia":[{"embeddable":true,"href":"https:\/\/www.spikeri.lv\/en\/wp-json\/wp\/v2\/media\/21081"}],"wp:attachment":[{"href":"https:\/\/www.spikeri.lv\/en\/wp-json\/wp\/v2\/media?parent=678"}],"curies":[{"name":"wp","href":"https:\/\/api.w.org\/{rel}","templated":true}]}}