{"id":680,"date":"2014-02-27T09:20:48","date_gmt":"2014-02-27T09:20:48","guid":{"rendered":"http:\/\/www.spikeri.lv\/?page_id=680"},"modified":"2019-03-21T15:43:15","modified_gmt":"2019-03-21T13:43:15","slug":"development","status":"publish","type":"page","link":"https:\/\/www.spikeri.lv\/en\/spikeri-2\/development\/","title":{"rendered":"Spikeri Quarter Development"},"content":{"rendered":"<p>The aim of the project \u201cRevitalization of the degraded territory between Maskavas, Krasta and Turge\u0146eva streets\u201d was to turn the street block into a publicly accessible, cultural and educational quarter, of interest to both locals and tourists. The territory is attractive for both locals and tourists as the warehouse block is located in the historical centre, which is included on the Unesco World Cultural Heritage list.<\/p>\n<h4>Progressively arranged recreation place<\/h4>\n<p>Now Riga has a new and progressively arranged recreation place at the very shoreline, providing many opportunities. Within the framework of the project, the entire block of buildings and the Daugava embankment were revitalised and the underground pedestrian tunnel reconstructed, through which one can go from city centre to the riverside promenade and take advantage of the beautiful views of the city seem from scenic river banks. The area is now characterized by cobbled passages, benches, flower pots, trees, playgrounds, a skate park, a place for performances and events, a wide promenade near the Daugava, viewing areas and a quayside \u2013 all instead of the desolation that was.<\/p>\n<h4>During the project<\/h4>\n<p>During the project, three buildings and 43 used garages were demolished, 6.5 kilometres of power cables and more than a kilometre of water piping were replaced, 94 lampposts and 75 benches were installed and a children\u2019s playground was built.<\/p>\n<p>A 1.3 km long bikeway and a square on the Daugava embankment, including a special support structure for a Christmas tree, were created.<\/p>\n<p>An area of around 30,000 square metres was paved; car and bicycle parking lots were established and a completely new lighting system as well as underground waste containers, equipped with above-ground chutes for waste disposal, was installed.<\/p>\n<p>The works had to be carried out in a very intense zone that is also very important for urban life \u2013 Krasta Street \u2013 and due to the heavy planning and organization, it was possible to carry out the project with minimum inconvenience to city residents.<\/p>\n<h4><span style=\"color: #000000;\"><a href=\"https:\/\/www.spikeri.lv\/en\/spikeri-2\/\">Spikeri quarter<\/a> Development<\/span><\/h4>\n<div class=\"arve wp-block-nextgenthemes-arve\" data-mode=\"normal\" data-oembed=\"1\" data-provider=\"youtube\" id=\"arve-youtube-eomqge8nifa69f564f176015953528051\" style=\"max-width:1170px;\">\n<span class=\"arve-inner\"><br \/>\n<span class=\"arve-embed arve-embed--has-aspect-ratio\" style=\"aspect-ratio: 585 \/ 329\"><br \/>\n<span class=\"arve-ar\" style=\"padding-top:56.239316%\"><\/span><iframe loading=\"lazy\" allow=\"accelerometer; autoplay; clipboard-write; encrypted-media; gyroscope; picture-in-picture\" allowfullscreen class=\"arve-iframe fitvidsignore\" data-arve=\"arve-youtube-eomqge8nifa69f564f176015953528051\" data-src-no-ap=\"https:\/\/www.youtube-nocookie.com\/embed\/eoMQGe8nIfA?feature=oembed&amp;iv_load_policy=3&amp;modestbranding=1&amp;rel=0&amp;autohide=1&amp;playsinline=0&amp;autoplay=0\" frameborder=\"0\" height=\"658\" sandbox=\"allow-scripts allow-same-origin allow-presentation allow-popups allow-popups-to-escape-sandbox\" scrolling=\"no\" src=\"https:\/\/www.youtube-nocookie.com\/embed\/eoMQGe8nIfA?feature=oembed&#038;iv_load_policy=3&#038;modestbranding=1&#038;rel=0&#038;autohide=1&#038;playsinline=0&#038;autoplay=0\" width=\"1170\"><\/iframe><\/p>\n<p><\/span><\/p>\n<p><\/span><br \/>\n<script type=\"application\/ld+json\">{\"@context\":\"http:\\\/\\\/schema.org\\\/\",\"@id\":\"https:\\\/\\\/www.spikeri.lv\\\/en\\\/spikeri-2\\\/development\\\/#arve-youtube-eomqge8nifa69f564f176015953528051\",\"type\":\"VideoObject\",\"embedURL\":\"https:\\\/\\\/www.youtube-nocookie.com\\\/embed\\\/eoMQGe8nIfA?feature=oembed&iv_load_policy=3&modestbranding=1&rel=0&autohide=1&playsinline=0&autoplay=0\"}<\/script>\n<\/div>\n","protected":false},"excerpt":{"rendered":"<p>The aim of the project \u201cRevitalization of the degraded territory between Maskavas, Krasta and Turge\u0146eva streets\u201d was to turn the street block into a publicly accessible, cultural and educational quarter, of interest to both locals and tourists. The territory is attractive for both locals and tourists as the warehouse block is located in the historical [&hellip;]<\/p>\n","protected":false},"author":1,"featured_media":0,"parent":678,"menu_order":0,"comment_status":"closed","ping_status":"closed","template":"_template_ps_page.php","meta":[],"acf":[],"yoast_head":"<!-- This site is optimized with the Yoast SEO plugin v19.13 - https:\/\/yoast.com\/wordpress\/plugins\/seo\/ -->\n<title>Spikeri quarter development<\/title>\n<meta name=\"description\" content=\"Spikeri reconstruction was launched in 2012, in order to ensure revitalization of territory, turning it into a public culture, education and recreation room\" \/>\n<meta name=\"robots\" content=\"index, follow, max-snippet:-1, max-image-preview:large, max-video-preview:-1\" \/>\n<link rel=\"canonical\" href=\"https:\/\/www.spikeri.lv\/en\/spikeri-2\/development\/\" \/>\n<meta property=\"og:locale\" content=\"en_US\" \/>\n<meta property=\"og:type\" content=\"article\" \/>\n<meta property=\"og:title\" content=\"Spikeri quarter development\" \/>\n<meta property=\"og:description\" content=\"Spikeri reconstruction was launched in 2012, in order to ensure revitalization of territory, turning it into a public culture, education and recreation room\" \/>\n<meta property=\"og:url\" content=\"https:\/\/www.spikeri.lv\/en\/spikeri-2\/development\/\" \/>\n<meta property=\"og:site_name\" content=\"spikeri.lv\" \/>\n<meta property=\"article:publisher\" content=\"https:\/\/www.facebook.com\/spikeri?ref=hl\" \/>\n<meta property=\"article:modified_time\" content=\"2019-03-21T13:43:15+00:00\" \/>\n<meta property=\"og:image\" content=\"https:\/\/www.spikeri.lv\/wp-content\/uploads\/2015\/10\/spikeri.jpg\" \/>\n\t<meta property=\"og:image:width\" content=\"314\" \/>\n\t<meta property=\"og:image:height\" content=\"106\" \/>\n\t<meta property=\"og:image:type\" content=\"image\/jpeg\" \/>\n<meta name=\"twitter:card\" content=\"summary_large_image\" \/>\n<meta name=\"twitter:site\" content=\"@spikeri\" \/>\n<meta name=\"twitter:label1\" content=\"Est. reading time\" \/>\n\t<meta name=\"twitter:data1\" content=\"2 minutes\" \/>\n<script type=\"application\/ld+json\" class=\"yoast-schema-graph\">{\"@context\":\"https:\/\/schema.org\",\"@graph\":[{\"@type\":\"WebPage\",\"@id\":\"https:\/\/www.spikeri.lv\/en\/spikeri-2\/development\/\",\"url\":\"https:\/\/www.spikeri.lv\/en\/spikeri-2\/development\/\",\"name\":\"Spikeri quarter development\",\"isPartOf\":{\"@id\":\"https:\/\/www.spikeri.lv\/#website\"},\"datePublished\":\"2014-02-27T09:20:48+00:00\",\"dateModified\":\"2019-03-21T13:43:15+00:00\",\"description\":\"Spikeri reconstruction was launched in 2012, in order to ensure revitalization of territory, turning it into a public culture, education and recreation room\",\"breadcrumb\":{\"@id\":\"https:\/\/www.spikeri.lv\/en\/spikeri-2\/development\/#breadcrumb\"},\"inLanguage\":\"en-US\",\"potentialAction\":[{\"@type\":\"ReadAction\",\"target\":[\"https:\/\/www.spikeri.lv\/en\/spikeri-2\/development\/\"]}]},{\"@type\":\"BreadcrumbList\",\"@id\":\"https:\/\/www.spikeri.lv\/en\/spikeri-2\/development\/#breadcrumb\",\"itemListElement\":[{\"@type\":\"ListItem\",\"position\":1,\"name\":\"Home\",\"item\":\"https:\/\/www.spikeri.lv\/en\/\"},{\"@type\":\"ListItem\",\"position\":2,\"name\":\"Spikeri creative quarter in Riga\",\"item\":\"https:\/\/www.spikeri.lv\/en\/spikeri-2\/\"},{\"@type\":\"ListItem\",\"position\":3,\"name\":\"Spikeri Quarter Development\"}]},{\"@type\":\"WebSite\",\"@id\":\"https:\/\/www.spikeri.lv\/#website\",\"url\":\"https:\/\/www.spikeri.lv\/\",\"name\":\"spikeri.lv\",\"description\":\"Sp\u012b\u0137eru kvart\u0101ls - biroju noma, kult\u016bras pas\u0101kumi R\u012bg\u0101\",\"potentialAction\":[{\"@type\":\"SearchAction\",\"target\":{\"@type\":\"EntryPoint\",\"urlTemplate\":\"https:\/\/www.spikeri.lv\/?s={search_term_string}\"},\"query-input\":\"required name=search_term_string\"}],\"inLanguage\":\"en-US\"}]}<\/script>\n<!-- \/ Yoast SEO plugin. -->","yoast_head_json":{"title":"Spikeri quarter development","description":"Spikeri reconstruction was launched in 2012, in order to ensure revitalization of territory, turning it into a public culture, education and recreation room","robots":{"index":"index","follow":"follow","max-snippet":"max-snippet:-1","max-image-preview":"max-image-preview:large","max-video-preview":"max-video-preview:-1"},"canonical":"https:\/\/www.spikeri.lv\/en\/spikeri-2\/development\/","og_locale":"en_US","og_type":"article","og_title":"Spikeri quarter development","og_description":"Spikeri reconstruction was launched in 2012, in order to ensure revitalization of territory, turning it into a public culture, education and recreation room","og_url":"https:\/\/www.spikeri.lv\/en\/spikeri-2\/development\/","og_site_name":"spikeri.lv","article_publisher":"https:\/\/www.facebook.com\/spikeri?ref=hl","article_modified_time":"2019-03-21T13:43:15+00:00","og_image":[{"width":314,"height":106,"url":"https:\/\/www.spikeri.lv\/wp-content\/uploads\/2015\/10\/spikeri.jpg","type":"image\/jpeg"}],"twitter_card":"summary_large_image","twitter_site":"@spikeri","twitter_misc":{"Est. reading time":"2 minutes"},"schema":{"@context":"https:\/\/schema.org","@graph":[{"@type":"WebPage","@id":"https:\/\/www.spikeri.lv\/en\/spikeri-2\/development\/","url":"https:\/\/www.spikeri.lv\/en\/spikeri-2\/development\/","name":"Spikeri quarter development","isPartOf":{"@id":"https:\/\/www.spikeri.lv\/#website"},"datePublished":"2014-02-27T09:20:48+00:00","dateModified":"2019-03-21T13:43:15+00:00","description":"Spikeri reconstruction was launched in 2012, in order to ensure revitalization of territory, turning it into a public culture, education and recreation room","breadcrumb":{"@id":"https:\/\/www.spikeri.lv\/en\/spikeri-2\/development\/#breadcrumb"},"inLanguage":"en-US","potentialAction":[{"@type":"ReadAction","target":["https:\/\/www.spikeri.lv\/en\/spikeri-2\/development\/"]}]},{"@type":"BreadcrumbList","@id":"https:\/\/www.spikeri.lv\/en\/spikeri-2\/development\/#breadcrumb","itemListElement":[{"@type":"ListItem","position":1,"name":"Home","item":"https:\/\/www.spikeri.lv\/en\/"},{"@type":"ListItem","position":2,"name":"Spikeri creative quarter in Riga","item":"https:\/\/www.spikeri.lv\/en\/spikeri-2\/"},{"@type":"ListItem","position":3,"name":"Spikeri Quarter Development"}]},{"@type":"WebSite","@id":"https:\/\/www.spikeri.lv\/#website","url":"https:\/\/www.spikeri.lv\/","name":"spikeri.lv","description":"Sp\u012b\u0137eru kvart\u0101ls - biroju noma, kult\u016bras pas\u0101kumi R\u012bg\u0101","potentialAction":[{"@type":"SearchAction","target":{"@type":"EntryPoint","urlTemplate":"https:\/\/www.spikeri.lv\/?s={search_term_string}"},"query-input":"required name=search_term_string"}],"inLanguage":"en-US"}]}},"_links":{"self":[{"href":"https:\/\/www.spikeri.lv\/en\/wp-json\/wp\/v2\/pages\/680"}],"collection":[{"href":"https:\/\/www.spikeri.lv\/en\/wp-json\/wp\/v2\/pages"}],"about":[{"href":"https:\/\/www.spikeri.lv\/en\/wp-json\/wp\/v2\/types\/page"}],"author":[{"embeddable":true,"href":"https:\/\/www.spikeri.lv\/en\/wp-json\/wp\/v2\/users\/1"}],"replies":[{"embeddable":true,"href":"https:\/\/www.spikeri.lv\/en\/wp-json\/wp\/v2\/comments?post=680"}],"version-history":[{"count":3,"href":"https:\/\/www.spikeri.lv\/en\/wp-json\/wp\/v2\/pages\/680\/revisions"}],"predecessor-version":[{"id":2257,"href":"https:\/\/www.spikeri.lv\/en\/wp-json\/wp\/v2\/pages\/680\/revisions\/2257"}],"up":[{"embeddable":true,"href":"https:\/\/www.spikeri.lv\/en\/wp-json\/wp\/v2\/pages\/678"}],"wp:attachment":[{"href":"https:\/\/www.spikeri.lv\/en\/wp-json\/wp\/v2\/media?parent=680"}],"curies":[{"name":"wp","href":"https:\/\/api.w.org\/{rel}","templated":true}]}}