{"id":2198,"date":"2014-02-13T21:06:11","date_gmt":"2014-02-13T21:06:11","guid":{"rendered":"http:\/\/www.spikeri.lv\/spikeri-3\/"},"modified":"2019-02-25T12:34:39","modified_gmt":"2019-02-25T10:34:39","slug":"spikeri","status":"publish","type":"page","link":"https:\/\/www.spikeri.lv\/ru\/spikeri\/","title":{"rendered":"\u0422\u0432\u043e\u0440\u0447\u0435\u0441\u043a\u0438\u0439 \u043a\u0432\u0430\u0440\u0442\u0430\u043b \u0421\u043f\u0438\u043a\u0435\u0440\u0438 \u0438 \u043f\u0440\u043e\u043c\u0435\u043d\u0430\u0434"},"content":{"rendered":"<p>[vc_row][vc_column][vc_column_text]<span style=\"color: #000000;\">\u0412 15 \u043c\u0438\u043d\u0443\u0442\u0430\u0445 \u0445\u043e\u0434\u044c\u0431\u044b \u043e\u0442 \u0446\u0435\u043d\u0442\u0440\u0430 \u0421\u0442\u0430\u0440\u043e\u0439 \u0420\u0438\u0433\u0438 \u0432\u0434\u043e\u043b\u044c \u0431\u0435\u0440\u0435\u0433\u0430 \u0414\u0430\u0443\u0433\u0430\u0432\u044b \u0440\u0430\u0441\u043f\u043e\u043b\u043e\u0436\u0438\u043b\u0441\u044f \u0440\u0430\u0439\u043e\u043d \u0433\u043e\u0440\u043e\u0434\u0430 \u0441 \u0442\u0432\u043e\u0440\u0447\u0435\u0441\u043a\u0438-\u0438\u0441\u0442\u043e\u0440\u0438\u0447\u0435\u0441\u043a\u0438\u0439 \u0430\u0443\u0440\u043e\u0439 &#8212; \u043a\u0432\u0430\u0440\u0442\u0430\u043b &#171;Sp\u012b\u0137eri&#187; \u0438 \u043f\u0440\u043e\u043c\u0435\u043d\u0430\u0434. \u041e\u043d\u0438 \u044f\u0432\u043b\u044f\u044e\u0442\u0441\u044f \u0447\u0430\u0441\u0442\u044c\u044e \u0438\u0441\u0442\u043e\u0440\u0438\u0447\u0435\u0441\u043a\u043e\u0433\u043e \u0446\u0435\u043d\u0442\u0440\u0430 \u0420\u0438\u0433\u0438, \u0432\u043a\u043b\u044e\u0447\u0435\u043d\u043d\u043e\u0433\u043e \u0432 \u0441\u043f\u0438\u0441\u043e\u043a \u0412\u0441\u0435\u043c\u0438\u0440\u043d\u043e\u0433\u043e \u043a\u0443\u043b\u044c\u0442\u0443\u0440\u043d\u043e\u0433\u043e \u043d\u0430\u0441\u043b\u0435\u0434\u0438\u044f \u042e\u041d\u0415\u0421\u041a\u041e.<\/span><\/p>\n<p><a href=\"http:\/\/www.spikeri.lv\/ru\/spikeri\/%d0%b8%d1%81%d1%82%d0%be%d1%80%d0%b8%d1%8f\/\">\u041d\u0430\u0447\u0438\u043d\u0430\u044f \u0441 14-\u0433\u043e \u0432\u0435\u043a\u0430 \u043c\u0435\u0441\u0442\u043e, \u0433\u0434\u0435 \u0441\u0435\u0439\u0447\u0430\u0441 \u043d\u0430\u0445\u043e\u0434\u0438\u0442\u0441\u044f \u043a\u0432\u0430\u0440\u0442\u0430\u043b &#171;Sp\u012b\u0137eri&#187;, \u0441\u043b\u0443\u0436\u0438\u043b\u043e \u0434\u043b\u044f \u0440\u0430\u0437\u0433\u0440\u0443\u0437\u043a\u0438 \u0441\u0443\u0434\u043e\u0432, \u0437\u0434\u0435\u0441\u044c \u0436\u0435 \u043d\u0430\u0445\u043e\u0434\u0438\u043b\u043e\u0441\u044c \u043d\u0435\u0441\u043a\u043e\u043b\u044c\u043a\u043e \u0441\u043a\u043b\u0430\u0434\u043e\u0432, \u043d\u0430\u043f\u0440\u0438\u043c\u0435\u0440, &#171;Hanf Ambaren&#187; (\u043d\u0435\u043c.), \u0438\u043b\u0438 \u043a\u043e\u043d\u043e\u043f\u043b\u044f\u043d\u044b\u0439 \u0441\u043a\u043b\u0430\u0434.<\/a><\/p>\n<p>\u0421\u0430\u043c \u0441\u043a\u043b\u0430\u0434\u0441\u043a\u043e\u0439 \u043a\u0432\u0430\u0440\u0442\u0430\u043b &#171;Sp\u012b\u0137eri&#187; \u043f\u043e\u044f\u0432\u0438\u043b\u0441\u044f \u0432\u043e \u0432\u0442\u043e\u0440\u043e\u0439 \u043f\u043e\u043b\u043e\u0432\u0438\u043d\u0435 19-\u0433\u043e \u0432\u0435\u043a\u0430, \u043a\u043e\u0433\u0434\u0430 \u044d\u0442\u0430 \u0442\u0435\u0440\u0440\u0438\u0442\u043e\u0440\u0438\u044f \u0431\u044b\u043b\u0430 \u0437\u0430\u0441\u0442\u0440\u043e\u0435\u043d\u0430 \u043e\u0434\u0438\u043d\u0430\u043a\u043e\u0432\u044b\u043c\u0438 \u0441\u043a\u043b\u0430\u0434\u0441\u043a\u0438\u043c\u0438 \u043f\u043e\u0441\u0442\u0440\u043e\u0439\u043a\u0430\u043c\u0438. \u0412\u043e\u0437\u0440\u0430\u0441\u0442 \u0441\u043a\u043b\u0430\u0434\u043e\u0432 \u0438\u0437 \u043a\u0440\u0430\u0441\u043d\u043e\u0433\u043e \u043a\u0438\u0440\u043f\u0438\u0447\u0430 \u0441\u043e\u0441\u0442\u0430\u0432\u043b\u044f\u0435\u0442 150 \u043b\u0435\u0442, \u0430 \u043f\u0440\u043e\u0435\u043a\u0442\u0438\u0440\u043e\u0432\u0430\u043b\u0438 \u0438\u0445 \u043b\u0443\u0447\u0448\u0438\u0435 \u0430\u0440\u0445\u0438\u0442\u0435\u043a\u0442\u043e\u0440\u044b \u0411\u0430\u043b\u0442\u0438\u0438 \u0442\u043e\u0433\u043e \u0432\u0440\u0435\u043c\u0435\u043d\u0438.<\/p>\n<blockquote><p>\u041a\u0430\u043a \u0438 \u0438\u043d\u0434\u0443\u0441\u0442\u0440\u0438\u0430\u043b\u044c\u043d\u044b\u0435 \u043a\u0432\u0430\u0440\u0442\u0430\u043b\u044b \u043c\u043d\u043e\u0433\u0438\u0445 \u0435\u0432\u0440\u043e\u043f\u0435\u0439\u0441\u043a\u0438\u0445 \u0433\u043e\u0440\u043e\u0434\u043e\u0432, <a href=\"https:\/\/www.facebook.com\/spikeri\/\">&#171;Sp\u012b\u0137eri&#187; \u0441\u0435\u0433\u043e\u0434\u043d\u044f \u044f\u0432\u043b\u044f\u0435\u0442\u0441\u044f \u043c\u0435\u0441\u0442\u043e\u043c \u0434\u043b\u044f \u0442\u0432\u043e\u0440\u0447\u0435\u0441\u043a\u043e\u0439 \u0438\u043d\u0434\u0443\u0441\u0442\u0440\u0438\u0438, \u0440\u0435\u0441\u0442\u043e\u0440\u0430\u043d\u043e\u0432 \u0438 \u043e\u0444\u0438\u0441\u043e\u0432<\/a>. \u0412 \u0442\u0435\u043f\u043b\u043e\u0435 \u0432\u0440\u0435\u043c\u044f \u0433\u043e\u0434\u0430 \u043a\u0432\u0430\u0440\u0442\u0430\u043b &#171;Sp\u012b\u0137eri&#187; \u043f\u0440\u0435\u0434\u043b\u0430\u0433\u0430\u0435\u0442 \u0448\u0438\u0440\u043e\u043a\u0438\u0439 \u0441\u043f\u0435\u043a\u0442\u0440 \u043c\u0435\u0440\u043e\u043f\u0440\u0438\u044f\u0442\u0438\u0439 \u043f\u043e\u0434 \u043e\u0442\u043a\u0440\u044b\u0442\u044b\u043c \u043d\u0435\u0431\u043e\u043c, \u043f\u0440\u0438\u0433\u043b\u0430\u0448\u0430\u0435\u0442 \u043f\u043e\u0441\u0435\u0442\u0438\u0442\u0435\u043b\u0435\u0439 \u043d\u0430 \u0440\u0430\u0437\u043b\u0438\u0447\u043d\u044b\u0435 \u043a\u043e\u043d\u0446\u0435\u0440\u0442\u044b \u0438 \u0440\u0430\u0437\u0432\u043b\u0435\u043a\u0430\u0442\u0435\u043b\u044c\u043d\u044b\u0435 \u043c\u0435\u0440\u043e\u043f\u0440\u0438\u044f\u0442\u0438\u044f, \u0430 \u0442\u0430\u043a\u0436\u0435 \u043f\u0440\u0438\u043d\u0438\u043c\u0430\u0435\u0442 \u0430\u043a\u0442\u0438\u0432\u043d\u043e\u0435 \u0443\u0447\u0430\u0441\u0442\u0438\u0435 \u0432 \u043a\u0440\u0443\u043f\u043d\u044b\u0445 \u043a\u0443\u043b\u044c\u0442\u0443\u0440\u043d\u044b\u0445 \u0438 \u0440\u0430\u0437\u0432\u043b\u0435\u043a\u0430\u0442\u0435\u043b\u044c\u043d\u044b\u0445 \u043c\u0435\u0440\u043e\u043f\u0440\u0438\u044f\u0442\u0438\u044f\u0445, \u0442\u0430\u043a\u0438\u0445 \u043a\u0430\u043a &#171;\u0411\u0435\u043b\u0430\u044f \u043d\u043e\u0447\u044c&#187;, \u041f\u0440\u0430\u0437\u0434\u043d\u0438\u043a \u0420\u0438\u0433\u0438, \u0438 \u0434\u0440., \u044f\u0432\u043b\u044f\u044f\u0441\u044c \u043e\u0434\u043d\u043e\u0439 \u0438\u0437 \u0441\u0430\u043c\u044b\u0445 &#171;\u0433\u043e\u0440\u044f\u0447\u0438\u0445&#187; \u0438\u0445 \u0442\u043e\u0447\u0435\u043a.<\/p><\/blockquote>\n<p>https:\/\/youtu.be\/OdI44MwAXnM[\/vc_column_text][\/vc_column][\/vc_row]<\/p>\n","protected":false},"excerpt":{"rendered":"<p>[vc_row][vc_column][vc_column_text]\u0412 15 \u043c\u0438\u043d\u0443\u0442\u0430\u0445 \u0445\u043e\u0434\u044c\u0431\u044b \u043e\u0442 \u0446\u0435\u043d\u0442\u0440\u0430 \u0421\u0442\u0430\u0440\u043e\u0439 \u0420\u0438\u0433\u0438 \u0432\u0434\u043e\u043b\u044c \u0431\u0435\u0440\u0435\u0433\u0430 \u0414\u0430\u0443\u0433\u0430\u0432\u044b \u0440\u0430\u0441\u043f\u043e\u043b\u043e\u0436\u0438\u043b\u0441\u044f \u0440\u0430\u0439\u043e\u043d \u0433\u043e\u0440\u043e\u0434\u0430 \u0441 \u0442\u0432\u043e\u0440\u0447\u0435\u0441\u043a\u0438-\u0438\u0441\u0442\u043e\u0440\u0438\u0447\u0435\u0441\u043a\u0438\u0439 \u0430\u0443\u0440\u043e\u0439 &#8212; \u043a\u0432\u0430\u0440\u0442\u0430\u043b &#171;Sp\u012b\u0137eri&#187; \u0438 \u043f\u0440\u043e\u043c\u0435\u043d\u0430\u0434. \u041e\u043d\u0438 \u044f\u0432\u043b\u044f\u044e\u0442\u0441\u044f \u0447\u0430\u0441\u0442\u044c\u044e \u0438\u0441\u0442\u043e\u0440\u0438\u0447\u0435\u0441\u043a\u043e\u0433\u043e \u0446\u0435\u043d\u0442\u0440\u0430 \u0420\u0438\u0433\u0438, \u0432\u043a\u043b\u044e\u0447\u0435\u043d\u043d\u043e\u0433\u043e \u0432 \u0441\u043f\u0438\u0441\u043e\u043a \u0412\u0441\u0435\u043c\u0438\u0440\u043d\u043e\u0433\u043e \u043a\u0443\u043b\u044c\u0442\u0443\u0440\u043d\u043e\u0433\u043e \u043d\u0430\u0441\u043b\u0435\u0434\u0438\u044f \u042e\u041d\u0415\u0421\u041a\u041e. \u041d\u0430\u0447\u0438\u043d\u0430\u044f \u0441 14-\u0433\u043e \u0432\u0435\u043a\u0430 \u043c\u0435\u0441\u0442\u043e, \u0433\u0434\u0435 \u0441\u0435\u0439\u0447\u0430\u0441 \u043d\u0430\u0445\u043e\u0434\u0438\u0442\u0441\u044f \u043a\u0432\u0430\u0440\u0442\u0430\u043b &#171;Sp\u012b\u0137eri&#187;, \u0441\u043b\u0443\u0436\u0438\u043b\u043e \u0434\u043b\u044f \u0440\u0430\u0437\u0433\u0440\u0443\u0437\u043a\u0438 \u0441\u0443\u0434\u043e\u0432, \u0437\u0434\u0435\u0441\u044c \u0436\u0435 \u043d\u0430\u0445\u043e\u0434\u0438\u043b\u043e\u0441\u044c \u043d\u0435\u0441\u043a\u043e\u043b\u044c\u043a\u043e \u0441\u043a\u043b\u0430\u0434\u043e\u0432, \u043d\u0430\u043f\u0440\u0438\u043c\u0435\u0440, [&hellip;]<\/p>\n","protected":false},"author":1,"featured_media":0,"parent":0,"menu_order":0,"comment_status":"closed","ping_status":"closed","template":"_template_ps_page.php","meta":[],"acf":[],"yoast_head":"<!-- This site is optimized with the Yoast SEO plugin v19.13 - https:\/\/yoast.com\/wordpress\/plugins\/seo\/ -->\n<title>\u0422\u0432\u043e\u0440\u0447\u0435\u0441\u043a\u0438\u0439 \u043a\u0432\u0430\u0440\u0442\u0430\u043b \u0421\u043f\u0438\u043a\u0435\u0440\u0438 \u0438 \u043f\u0440\u043e\u043c\u0435\u043d\u0430\u0434 - spikeri.lv<\/title>\n<meta name=\"description\" content=\"\u0421\u043f\u0438\u043a\u0435\u0440\u0438 \u044d\u0442\u043e \u0447\u0442\u043e-\u0442\u043e \u0431\u043e\u043b\u044c\u0448\u0435\u0435, \u0447\u0435\u043c \u043a\u043e\u043c\u043f\u043b\u0435\u043a\u0441 \u0437\u0434\u0430\u043d\u0438\u0439 \u0432 \u0438\u0441\u0442\u043e\u0440\u0438\u0447\u0435\u0441\u043a\u043e\u043c \u0446\u0435\u043d\u0442\u0440\u0435 \u0420\u0438\u0433\u0438. \u0421\u0435\u0433\u043e\u0434\u043d\u044f \u0421\u043f\u0438\u043a\u0435\u0440\u0438 \u044f\u0432\u043b\u044f\u044e\u0442\u0441\u044f \u0446\u0435\u043d\u0442\u0440\u043e\u043c \u0441\u043e\u0432\u0440\u0435\u043c\u0435\u043d\u043d\u043e\u0439 \u043a\u0443\u043b\u044c\u0442\u0443\u0440\u044b \u0441 \u0436\u0438\u0432\u043e\u043f\u0438\u0441\u043d\u044b\u043c \u043f\u0440\u043e\u043c\u0435\u043d\u0430\u0434\u043e\u043c.\" \/>\n<meta name=\"robots\" content=\"index, follow, max-snippet:-1, max-image-preview:large, max-video-preview:-1\" \/>\n<link rel=\"canonical\" href=\"https:\/\/www.spikeri.lv\/ru\/spikeri\/\" \/>\n<meta property=\"og:locale\" content=\"ru_RU\" \/>\n<meta property=\"og:type\" content=\"article\" \/>\n<meta property=\"og:title\" content=\"\u0422\u0432\u043e\u0440\u0447\u0435\u0441\u043a\u0438\u0439 \u043a\u0432\u0430\u0440\u0442\u0430\u043b \u0421\u043f\u0438\u043a\u0435\u0440\u0438 \u0438 \u043f\u0440\u043e\u043c\u0435\u043d\u0430\u0434 - spikeri.lv\" \/>\n<meta property=\"og:description\" content=\"\u0421\u043f\u0438\u043a\u0435\u0440\u0438 \u044d\u0442\u043e \u0447\u0442\u043e-\u0442\u043e \u0431\u043e\u043b\u044c\u0448\u0435\u0435, \u0447\u0435\u043c \u043a\u043e\u043c\u043f\u043b\u0435\u043a\u0441 \u0437\u0434\u0430\u043d\u0438\u0439 \u0432 \u0438\u0441\u0442\u043e\u0440\u0438\u0447\u0435\u0441\u043a\u043e\u043c \u0446\u0435\u043d\u0442\u0440\u0435 \u0420\u0438\u0433\u0438. \u0421\u0435\u0433\u043e\u0434\u043d\u044f \u0421\u043f\u0438\u043a\u0435\u0440\u0438 \u044f\u0432\u043b\u044f\u044e\u0442\u0441\u044f \u0446\u0435\u043d\u0442\u0440\u043e\u043c \u0441\u043e\u0432\u0440\u0435\u043c\u0435\u043d\u043d\u043e\u0439 \u043a\u0443\u043b\u044c\u0442\u0443\u0440\u044b \u0441 \u0436\u0438\u0432\u043e\u043f\u0438\u0441\u043d\u044b\u043c \u043f\u0440\u043e\u043c\u0435\u043d\u0430\u0434\u043e\u043c.\" \/>\n<meta property=\"og:url\" content=\"https:\/\/www.spikeri.lv\/ru\/spikeri\/\" \/>\n<meta property=\"og:site_name\" content=\"spikeri.lv\" \/>\n<meta property=\"article:publisher\" content=\"https:\/\/www.facebook.com\/spikeri?ref=hl\" \/>\n<meta property=\"article:modified_time\" content=\"2019-02-25T10:34:39+00:00\" \/>\n<meta property=\"og:image\" content=\"https:\/\/www.spikeri.lv\/wp-content\/uploads\/2015\/10\/spikeri.jpg\" \/>\n\t<meta property=\"og:image:width\" content=\"314\" \/>\n\t<meta property=\"og:image:height\" content=\"106\" \/>\n\t<meta property=\"og:image:type\" content=\"image\/jpeg\" \/>\n<meta name=\"twitter:card\" content=\"summary_large_image\" \/>\n<meta name=\"twitter:site\" content=\"@spikeri\" \/>\n<script type=\"application\/ld+json\" class=\"yoast-schema-graph\">{\"@context\":\"https:\/\/schema.org\",\"@graph\":[{\"@type\":\"WebPage\",\"@id\":\"https:\/\/www.spikeri.lv\/ru\/spikeri\/\",\"url\":\"https:\/\/www.spikeri.lv\/ru\/spikeri\/\",\"name\":\"\u0422\u0432\u043e\u0440\u0447\u0435\u0441\u043a\u0438\u0439 \u043a\u0432\u0430\u0440\u0442\u0430\u043b \u0421\u043f\u0438\u043a\u0435\u0440\u0438 \u0438 \u043f\u0440\u043e\u043c\u0435\u043d\u0430\u0434 - spikeri.lv\",\"isPartOf\":{\"@id\":\"https:\/\/www.spikeri.lv\/#website\"},\"datePublished\":\"2014-02-13T21:06:11+00:00\",\"dateModified\":\"2019-02-25T10:34:39+00:00\",\"description\":\"\u0421\u043f\u0438\u043a\u0435\u0440\u0438 \u044d\u0442\u043e \u0447\u0442\u043e-\u0442\u043e \u0431\u043e\u043b\u044c\u0448\u0435\u0435, \u0447\u0435\u043c \u043a\u043e\u043c\u043f\u043b\u0435\u043a\u0441 \u0437\u0434\u0430\u043d\u0438\u0439 \u0432 \u0438\u0441\u0442\u043e\u0440\u0438\u0447\u0435\u0441\u043a\u043e\u043c \u0446\u0435\u043d\u0442\u0440\u0435 \u0420\u0438\u0433\u0438. \u0421\u0435\u0433\u043e\u0434\u043d\u044f \u0421\u043f\u0438\u043a\u0435\u0440\u0438 \u044f\u0432\u043b\u044f\u044e\u0442\u0441\u044f \u0446\u0435\u043d\u0442\u0440\u043e\u043c \u0441\u043e\u0432\u0440\u0435\u043c\u0435\u043d\u043d\u043e\u0439 \u043a\u0443\u043b\u044c\u0442\u0443\u0440\u044b \u0441 \u0436\u0438\u0432\u043e\u043f\u0438\u0441\u043d\u044b\u043c \u043f\u0440\u043e\u043c\u0435\u043d\u0430\u0434\u043e\u043c.\",\"breadcrumb\":{\"@id\":\"https:\/\/www.spikeri.lv\/ru\/spikeri\/#breadcrumb\"},\"inLanguage\":\"ru-RU\",\"potentialAction\":[{\"@type\":\"ReadAction\",\"target\":[\"https:\/\/www.spikeri.lv\/ru\/spikeri\/\"]}]},{\"@type\":\"BreadcrumbList\",\"@id\":\"https:\/\/www.spikeri.lv\/ru\/spikeri\/#breadcrumb\",\"itemListElement\":[{\"@type\":\"ListItem\",\"position\":1,\"name\":\"Home\",\"item\":\"https:\/\/www.spikeri.lv\/ru\/\"},{\"@type\":\"ListItem\",\"position\":2,\"name\":\"\u0422\u0432\u043e\u0440\u0447\u0435\u0441\u043a\u0438\u0439 \u043a\u0432\u0430\u0440\u0442\u0430\u043b \u0421\u043f\u0438\u043a\u0435\u0440\u0438 \u0438 \u043f\u0440\u043e\u043c\u0435\u043d\u0430\u0434\"}]},{\"@type\":\"WebSite\",\"@id\":\"https:\/\/www.spikeri.lv\/#website\",\"url\":\"https:\/\/www.spikeri.lv\/\",\"name\":\"spikeri.lv\",\"description\":\"Sp\u012b\u0137eru kvart\u0101ls - biroju noma, kult\u016bras pas\u0101kumi R\u012bg\u0101\",\"potentialAction\":[{\"@type\":\"SearchAction\",\"target\":{\"@type\":\"EntryPoint\",\"urlTemplate\":\"https:\/\/www.spikeri.lv\/?s={search_term_string}\"},\"query-input\":\"required name=search_term_string\"}],\"inLanguage\":\"ru-RU\"}]}<\/script>\n<!-- \/ Yoast SEO plugin. -->","yoast_head_json":{"title":"\u0422\u0432\u043e\u0440\u0447\u0435\u0441\u043a\u0438\u0439 \u043a\u0432\u0430\u0440\u0442\u0430\u043b \u0421\u043f\u0438\u043a\u0435\u0440\u0438 \u0438 \u043f\u0440\u043e\u043c\u0435\u043d\u0430\u0434 - spikeri.lv","description":"\u0421\u043f\u0438\u043a\u0435\u0440\u0438 \u044d\u0442\u043e \u0447\u0442\u043e-\u0442\u043e \u0431\u043e\u043b\u044c\u0448\u0435\u0435, \u0447\u0435\u043c \u043a\u043e\u043c\u043f\u043b\u0435\u043a\u0441 \u0437\u0434\u0430\u043d\u0438\u0439 \u0432 \u0438\u0441\u0442\u043e\u0440\u0438\u0447\u0435\u0441\u043a\u043e\u043c \u0446\u0435\u043d\u0442\u0440\u0435 \u0420\u0438\u0433\u0438. \u0421\u0435\u0433\u043e\u0434\u043d\u044f \u0421\u043f\u0438\u043a\u0435\u0440\u0438 \u044f\u0432\u043b\u044f\u044e\u0442\u0441\u044f \u0446\u0435\u043d\u0442\u0440\u043e\u043c \u0441\u043e\u0432\u0440\u0435\u043c\u0435\u043d\u043d\u043e\u0439 \u043a\u0443\u043b\u044c\u0442\u0443\u0440\u044b \u0441 \u0436\u0438\u0432\u043e\u043f\u0438\u0441\u043d\u044b\u043c \u043f\u0440\u043e\u043c\u0435\u043d\u0430\u0434\u043e\u043c.","robots":{"index":"index","follow":"follow","max-snippet":"max-snippet:-1","max-image-preview":"max-image-preview:large","max-video-preview":"max-video-preview:-1"},"canonical":"https:\/\/www.spikeri.lv\/ru\/spikeri\/","og_locale":"ru_RU","og_type":"article","og_title":"\u0422\u0432\u043e\u0440\u0447\u0435\u0441\u043a\u0438\u0439 \u043a\u0432\u0430\u0440\u0442\u0430\u043b \u0421\u043f\u0438\u043a\u0435\u0440\u0438 \u0438 \u043f\u0440\u043e\u043c\u0435\u043d\u0430\u0434 - spikeri.lv","og_description":"\u0421\u043f\u0438\u043a\u0435\u0440\u0438 \u044d\u0442\u043e \u0447\u0442\u043e-\u0442\u043e \u0431\u043e\u043b\u044c\u0448\u0435\u0435, \u0447\u0435\u043c \u043a\u043e\u043c\u043f\u043b\u0435\u043a\u0441 \u0437\u0434\u0430\u043d\u0438\u0439 \u0432 \u0438\u0441\u0442\u043e\u0440\u0438\u0447\u0435\u0441\u043a\u043e\u043c \u0446\u0435\u043d\u0442\u0440\u0435 \u0420\u0438\u0433\u0438. \u0421\u0435\u0433\u043e\u0434\u043d\u044f \u0421\u043f\u0438\u043a\u0435\u0440\u0438 \u044f\u0432\u043b\u044f\u044e\u0442\u0441\u044f \u0446\u0435\u043d\u0442\u0440\u043e\u043c \u0441\u043e\u0432\u0440\u0435\u043c\u0435\u043d\u043d\u043e\u0439 \u043a\u0443\u043b\u044c\u0442\u0443\u0440\u044b \u0441 \u0436\u0438\u0432\u043e\u043f\u0438\u0441\u043d\u044b\u043c \u043f\u0440\u043e\u043c\u0435\u043d\u0430\u0434\u043e\u043c.","og_url":"https:\/\/www.spikeri.lv\/ru\/spikeri\/","og_site_name":"spikeri.lv","article_publisher":"https:\/\/www.facebook.com\/spikeri?ref=hl","article_modified_time":"2019-02-25T10:34:39+00:00","og_image":[{"width":314,"height":106,"url":"https:\/\/www.spikeri.lv\/wp-content\/uploads\/2015\/10\/spikeri.jpg","type":"image\/jpeg"}],"twitter_card":"summary_large_image","twitter_site":"@spikeri","schema":{"@context":"https:\/\/schema.org","@graph":[{"@type":"WebPage","@id":"https:\/\/www.spikeri.lv\/ru\/spikeri\/","url":"https:\/\/www.spikeri.lv\/ru\/spikeri\/","name":"\u0422\u0432\u043e\u0440\u0447\u0435\u0441\u043a\u0438\u0439 \u043a\u0432\u0430\u0440\u0442\u0430\u043b \u0421\u043f\u0438\u043a\u0435\u0440\u0438 \u0438 \u043f\u0440\u043e\u043c\u0435\u043d\u0430\u0434 - spikeri.lv","isPartOf":{"@id":"https:\/\/www.spikeri.lv\/#website"},"datePublished":"2014-02-13T21:06:11+00:00","dateModified":"2019-02-25T10:34:39+00:00","description":"\u0421\u043f\u0438\u043a\u0435\u0440\u0438 \u044d\u0442\u043e \u0447\u0442\u043e-\u0442\u043e \u0431\u043e\u043b\u044c\u0448\u0435\u0435, \u0447\u0435\u043c \u043a\u043e\u043c\u043f\u043b\u0435\u043a\u0441 \u0437\u0434\u0430\u043d\u0438\u0439 \u0432 \u0438\u0441\u0442\u043e\u0440\u0438\u0447\u0435\u0441\u043a\u043e\u043c \u0446\u0435\u043d\u0442\u0440\u0435 \u0420\u0438\u0433\u0438. \u0421\u0435\u0433\u043e\u0434\u043d\u044f \u0421\u043f\u0438\u043a\u0435\u0440\u0438 \u044f\u0432\u043b\u044f\u044e\u0442\u0441\u044f \u0446\u0435\u043d\u0442\u0440\u043e\u043c \u0441\u043e\u0432\u0440\u0435\u043c\u0435\u043d\u043d\u043e\u0439 \u043a\u0443\u043b\u044c\u0442\u0443\u0440\u044b \u0441 \u0436\u0438\u0432\u043e\u043f\u0438\u0441\u043d\u044b\u043c \u043f\u0440\u043e\u043c\u0435\u043d\u0430\u0434\u043e\u043c.","breadcrumb":{"@id":"https:\/\/www.spikeri.lv\/ru\/spikeri\/#breadcrumb"},"inLanguage":"ru-RU","potentialAction":[{"@type":"ReadAction","target":["https:\/\/www.spikeri.lv\/ru\/spikeri\/"]}]},{"@type":"BreadcrumbList","@id":"https:\/\/www.spikeri.lv\/ru\/spikeri\/#breadcrumb","itemListElement":[{"@type":"ListItem","position":1,"name":"Home","item":"https:\/\/www.spikeri.lv\/ru\/"},{"@type":"ListItem","position":2,"name":"\u0422\u0432\u043e\u0440\u0447\u0435\u0441\u043a\u0438\u0439 \u043a\u0432\u0430\u0440\u0442\u0430\u043b \u0421\u043f\u0438\u043a\u0435\u0440\u0438 \u0438 \u043f\u0440\u043e\u043c\u0435\u043d\u0430\u0434"}]},{"@type":"WebSite","@id":"https:\/\/www.spikeri.lv\/#website","url":"https:\/\/www.spikeri.lv\/","name":"spikeri.lv","description":"Sp\u012b\u0137eru kvart\u0101ls - biroju noma, kult\u016bras pas\u0101kumi R\u012bg\u0101","potentialAction":[{"@type":"SearchAction","target":{"@type":"EntryPoint","urlTemplate":"https:\/\/www.spikeri.lv\/?s={search_term_string}"},"query-input":"required name=search_term_string"}],"inLanguage":"ru-RU"}]}},"_links":{"self":[{"href":"https:\/\/www.spikeri.lv\/ru\/wp-json\/wp\/v2\/pages\/2198"}],"collection":[{"href":"https:\/\/www.spikeri.lv\/ru\/wp-json\/wp\/v2\/pages"}],"about":[{"href":"https:\/\/www.spikeri.lv\/ru\/wp-json\/wp\/v2\/types\/page"}],"author":[{"embeddable":true,"href":"https:\/\/www.spikeri.lv\/ru\/wp-json\/wp\/v2\/users\/1"}],"replies":[{"embeddable":true,"href":"https:\/\/www.spikeri.lv\/ru\/wp-json\/wp\/v2\/comments?post=2198"}],"version-history":[{"count":4,"href":"https:\/\/www.spikeri.lv\/ru\/wp-json\/wp\/v2\/pages\/2198\/revisions"}],"predecessor-version":[{"id":21345,"href":"https:\/\/www.spikeri.lv\/ru\/wp-json\/wp\/v2\/pages\/2198\/revisions\/21345"}],"wp:attachment":[{"href":"https:\/\/www.spikeri.lv\/ru\/wp-json\/wp\/v2\/media?parent=2198"}],"curies":[{"name":"wp","href":"https:\/\/api.w.org\/{rel}","templated":true}]}}