{"id":2326,"date":"2014-02-12T11:48:01","date_gmt":"2014-02-12T11:48:01","guid":{"rendered":"http:\/\/www.spikeri.lv\/spikeri\/attistiba\/"},"modified":"2016-10-28T13:39:41","modified_gmt":"2016-10-28T10:39:41","slug":"attistiba","status":"publish","type":"page","link":"https:\/\/www.spikeri.lv\/ru\/spikeri\/attistiba\/","title":{"rendered":"\u0420\u0430\u0437\u0432\u0438\u0442\u0438\u0435"},"content":{"rendered":"<h3>\u0420\u0435\u043a\u043e\u043d\u0441\u0442\u0440\u0443\u043a\u0446\u0438\u044f \u041a\u0432\u0430\u0440\u0442\u0430\u043b\u0430 \u0421\u043f\u0438\u043a\u0435\u0440\u0438 \u0438 \u043d\u0430\u0431\u0435\u0440\u0435\u0436\u043d\u043e\u0439 \u0414\u0430\u0443\u0433\u0430\u0432\u044b<\/h3>\n<h5>\u041f\u0440\u0435\u0434\u0441\u0435\u0434\u0430\u0442\u0435\u043b\u044c \u0420\u0438\u0436\u0441\u043a\u043e\u0439 \u0414\u0443\u043c\u044b \u041d\u0438\u043b \u0423\u0448\u0430\u043a\u043e\u0432 \u0438 \u043f\u0440\u0435\u0434\u0441\u0435\u0434\u0430\u0442\u0435\u043b\u044c \u041a\u043e\u043c\u0438\u0442\u0435\u0442\u0430 \u043f\u043e \u0440\u0430\u0437\u0432\u0438\u0442\u0438\u044e \u0433\u043e\u0440\u043e\u0434\u0430 \u0412\u0430\u0434\u0438\u043c \u0415\u0440\u043e\u0448\u0435\u043d\u043a\u043e \u0432 2012 \u0433\u043e\u0434\u0443 \u043d\u0430\u0447\u0430\u043b\u0438 \u0440\u0430\u0431\u043e\u0442\u044b \u043f\u043e \u0440\u0435\u043a\u043e\u043d\u0441\u0442\u0440\u0443\u043a\u0446\u0438\u0438 \u043a\u0432\u0430\u0440\u0442\u0430\u043b\u0430 \u0421\u043f\u0438\u043a\u0435\u0440\u0438 \u0438 \u043d\u0430\u0431\u0435\u0440\u0435\u0436\u043d\u043e\u0439 \u0414\u0430\u0443\u0433\u0430\u0432\u044b.<\/h5>\n<div class=\"arve wp-block-nextgenthemes-arve\" data-mode=\"normal\" data-oembed=\"1\" data-provider=\"youtube\" id=\"arve-youtube-eomqge8nifa69f99ba15ec17019939618\" style=\"max-width:1170px;\">\n<span class=\"arve-inner\"><br \/>\n<span class=\"arve-embed arve-embed--has-aspect-ratio\" style=\"aspect-ratio: 585 \/ 329\"><br \/>\n<span class=\"arve-ar\" style=\"padding-top:56.239316%\"><\/span><iframe loading=\"lazy\" allow=\"accelerometer; autoplay; clipboard-write; encrypted-media; gyroscope; picture-in-picture\" allowfullscreen class=\"arve-iframe fitvidsignore\" data-arve=\"arve-youtube-eomqge8nifa69f99ba15ec17019939618\" data-src-no-ap=\"https:\/\/www.youtube-nocookie.com\/embed\/eoMQGe8nIfA?feature=oembed&amp;iv_load_policy=3&amp;modestbranding=1&amp;rel=0&amp;autohide=1&amp;playsinline=0&amp;autoplay=0\" frameborder=\"0\" height=\"658\" sandbox=\"allow-scripts allow-same-origin allow-presentation allow-popups allow-popups-to-escape-sandbox\" scrolling=\"no\" src=\"https:\/\/www.youtube-nocookie.com\/embed\/eoMQGe8nIfA?feature=oembed&#038;iv_load_policy=3&#038;modestbranding=1&#038;rel=0&#038;autohide=1&#038;playsinline=0&#038;autoplay=0\" width=\"1170\"><\/iframe><\/p>\n<p><\/span><\/p>\n<p><\/span><br \/>\n<script type=\"application\/ld+json\">{\"@context\":\"http:\\\/\\\/schema.org\\\/\",\"@id\":\"https:\\\/\\\/www.spikeri.lv\\\/ru\\\/spikeri\\\/attistiba\\\/#arve-youtube-eomqge8nifa69f99ba15ec17019939618\",\"type\":\"VideoObject\",\"embedURL\":\"https:\\\/\\\/www.youtube-nocookie.com\\\/embed\\\/eoMQGe8nIfA?feature=oembed&iv_load_policy=3&modestbranding=1&rel=0&autohide=1&playsinline=0&autoplay=0\"}<\/script>\n<\/div>\n<p>\u041a\u0432\u0430\u0440\u0442\u0430\u043b \u0421\u043f\u0438\u043a\u0435\u0440\u0438 \u043d\u0430\u0445\u043e\u0434\u0438\u0442\u0441\u044f \u043c\u0435\u0436\u0434\u0443 \u0443\u043b\u0438\u0446\u0430\u043c\u0438 \u041c\u0430\u0441\u043a\u0430\u0432\u0430\u0441, \u041a\u0440\u0430\u0441\u0442\u0430, \u0422\u0443\u0440\u0433\u0435\u043d\u0435\u0432\u0430 \u0438 \u0414\u0430\u0443\u0433\u0430\u0432\u043e\u0439. \u041e\u043d \u0432\u0445\u043e\u0434\u0438\u0442 \u0432 \u0442\u0435\u0440\u0440\u0438\u0442\u043e\u0440\u0438\u044e \u0432\u0441\u0435\u043c\u0438\u0440\u043d\u043e\u0433\u043e \u043a\u0443\u043b\u044c\u0442\u0443\u0440\u043d\u043e\u0433\u043e \u043d\u0430\u0441\u043b\u0435\u0434\u0438\u044f \u042e\u041d\u0415\u0421\u041a\u041e \u2013 \u0438\u0441\u0442\u043e\u0440\u0438\u0447\u0435\u0441\u043a\u0438\u0439 \u0446\u0435\u043d\u0442\u0440 \u0433\u043e\u0440\u043e\u0434\u0430 \u0420\u0438\u0433\u0438.<\/p>\n<p>\u0420\u0430\u0431\u043e\u0442\u044b \u043e\u0441\u0443\u0449\u0435\u0441\u0442\u0432\u043b\u044f\u044e\u0442\u0441\u044f \u0432 \u0440\u0430\u043c\u043a\u0430\u0445 \u043f\u0440\u043e\u0435\u043a\u0442\u0430 \u00ab\u0420\u0435\u0432\u0438\u0442\u0430\u043b\u0438\u0437\u0430\u0446\u0438\u0438 \u0434\u0435\u0433\u0440\u0430\u0434\u0438\u0440\u043e\u0432\u0430\u043d\u043d\u043e\u0439 \u0442\u0435\u0440\u0440\u0438\u0442\u043e\u0440\u0438\u0438 \u043a\u0432\u0430\u0440\u0442\u0430\u043b\u0430 \u0443\u043b\u0438\u0446 \u041c\u0430\u0441\u043a\u0430\u0432\u0430\u0441, \u041a\u0440\u0430\u0441\u0442\u0430 \u0438 \u0422\u0443\u0440\u0433\u0435\u043d\u0435\u0432\u0430&#187;. \u0415\u0433\u043e \u0446\u0435\u043b\u044c\u044e \u044f\u0432\u043b\u044f\u0435\u0442\u0441\u044f \u043e\u0431\u0435\u0441\u043f\u0435\u0447\u0438\u0442\u044c \u0440\u0435\u0432\u0438\u0442\u0430\u043b\u0438\u0437\u0430\u0446\u0438\u044e \u0434\u0435\u0433\u0440\u0430\u0434\u0438\u0440\u043e\u0432\u0430\u043d\u043d\u043e\u0439 \u0442\u0435\u0440\u0440\u0438\u0442\u043e\u0440\u0438\u0438 \u043a\u0432\u0430\u0440\u0442\u0430\u043b\u0430 \u043c\u0435\u0436\u0434\u0443 \u0443\u043b\u0438\u0446\u0430\u043c\u0438 \u041c\u0430\u0441\u043a\u0430\u0432\u0430\u0441, \u041a\u0440\u0430\u0441\u0442\u0430 \u0438 \u0422\u0443\u0440\u0433\u0435\u043d\u0435\u0432\u0430, \u0430 \u0442\u0430\u043a\u0436\u0435 \u0443\u0447\u0430\u0441\u0442\u043a\u0430 \u043d\u0430\u0431\u0435\u0440\u0435\u0436\u043d\u043e\u0439 \u0434\u043b\u0438\u043d\u043e\u0439 1,3 \u043a\u043c, \u043f\u0440\u0435\u0432\u0440\u0430\u0442\u0438\u0432 \u0435\u0435 \u0432 \u043f\u0443\u0431\u043b\u0438\u0447\u043d\u043e \u0434\u043e\u0441\u0442\u0443\u043f\u043d\u043e\u0435 \u0436\u0438\u0442\u0435\u043b\u044f\u043c \u0438 \u0442\u0443\u0440\u0438\u0441\u0442\u0430\u043c \u043f\u043e\u043c\u0435\u0449\u0435\u043d\u0438\u0435 \u043a\u0443\u043b\u044c\u0442\u0443\u0440\u044b, \u043e\u0431\u0440\u0430\u0437\u043e\u0432\u0430\u043d\u0438\u044f \u0438 \u043e\u0442\u0434\u044b\u0445\u0430.<\/p>\n<blockquote><p>\u0420\u0430\u0431\u043e\u0442\u044b, \u0440\u0435\u0430\u043b\u0438\u0437\u043e\u0432\u0430\u043d\u043d\u044b\u0435 \u0434\u043e 2013 \u0433\u043e\u0434\u0430: \u0441\u043d\u0435\u0441\u0435\u043d\u044b \u0432\u0440\u0435\u043c\u0435\u043d\u043d\u044b\u0435 \u0438 \u0434\u0435\u0433\u0440\u0430\u0434\u0438\u0440\u0443\u044e\u0449\u0438\u0435 \u0442\u0435\u0440\u0440\u0438\u0442\u043e\u0440\u0438\u044e \u0437\u0434\u0430\u043d\u0438\u044f \u0438 \u043e\u0433\u0440\u0430\u0436\u0434\u0435\u043d\u0438\u044f, \u043e\u0437\u0435\u043b\u0435\u043d\u0435\u043d\u0430 \u0442\u0435\u0440\u0440\u0438\u0442\u043e\u0440\u0438\u044f, \u0432\u044b\u043c\u043e\u0449\u0435\u043d\u044b \u0442\u0440\u043e\u0442\u0443\u0430\u0440\u044b \u0438 \u0432\u0435\u043b\u043e\u0441\u0438\u043f\u0435\u0434\u043d\u0430\u044f \u0434\u043e\u0440\u043e\u0436\u043a\u0430, \u043f\u043e\u0441\u0442\u0440\u043e\u0435\u043d \u0437\u0430\u0431\u043e\u0440, \u0441\u043a\u0430\u043c\u0435\u0439\u043a\u0438, \u0443\u0440\u043d\u044b \u0434\u043b\u044f \u043c\u0443\u0441\u043e\u0440\u0430, \u0430 \u0442\u0430\u043a\u0436\u0435 \u0443\u0441\u0442\u0430\u043d\u043e\u0432\u043b\u0435\u043d\u043e \u043e\u0441\u0432\u0435\u0449\u0435\u043d\u0438\u0435, \u0432\u043e\u0441\u0441\u0442\u0430\u043d\u043e\u0432\u043b\u0435\u043d \u043f\u0435\u0448\u0435\u0445\u043e\u0434\u043d\u044b\u0439 \u0442\u0443\u043d\u043d\u0435\u043b\u044c \u0438 \u043b\u0435\u0441\u0442\u043d\u0438\u0446\u0430 \u0442\u0443\u043d\u043d\u0435\u043b\u044f, \u0443\u0441\u0442\u0430\u043d\u043e\u0432\u0438\u0432 \u044d\u0441\u0442\u0430\u043a\u0430\u0434\u0443, \u0441\u043e\u0437\u0434\u0430\u043d \u0431\u0435\u0437\u043e\u043f\u0430\u0441\u043d\u044b\u0439 \u0438 \u0443\u0434\u043e\u0431\u043d\u044b\u0439 \u043f\u043e\u0434\u0445\u043e\u0434 \u043a \u043d\u0430\u0431\u0435\u0440\u0435\u0436\u043d\u043e\u0439 \u0414\u0430\u0443\u0433\u0430\u0432\u044b. \u0414\u043e\u043f\u043e\u043b\u043d\u0438\u0442\u0435\u043b\u044c\u043d\u043e \u043a \u043f\u0435\u0448\u0435\u0445\u043e\u0434\u043d\u043e\u043c\u0443 \u043f\u0440\u043e\u043c\u0435\u043d\u0430\u0434\u0443 \u0438 \u0432\u0435\u043b\u043e\u0441\u0438\u043f\u0435\u0434\u043d\u043e\u0439 \u0434\u043e\u0440\u043e\u0436\u043a\u0435 \u0441\u043e\u0437\u0434\u0430\u043d\u0430 \u0437\u043e\u043d\u0430 \u043e\u0442\u0434\u044b\u0445\u0430 \u0434\u043b\u044f \u0430\u043a\u0442\u0438\u0432\u043d\u044b\u0445 \u043b\u044e\u0431\u0438\u0442\u0435\u043b\u0435\u0439 \u0440\u043e\u043b\u0438\u043a\u043e\u0432. \u041d\u0430 \u0443\u043b\u0438\u0446\u0435 \u041a\u0440\u0430\u0441\u0442\u0430 \u0438 \u0432\u0434\u043e\u043b\u044c \u0431\u0435\u0440\u0435\u0433\u0430 \u0414\u0430\u0443\u0433\u0430\u0432\u044b \u0443\u0441\u0442\u0430\u043d\u043e\u0432\u043b\u0435\u043d\u044b \u043d\u043e\u0432\u044b\u0435 \u043e\u0433\u0440\u0430\u043d\u0438\u0447\u0438\u0432\u0430\u044e\u0449\u0438\u0435 \u0441\u0442\u0430\u043b\u044c\u043d\u044b\u0435 \u043f\u0435\u0440\u0438\u043b\u0430, \u043e\u0442\u0440\u0435\u043c\u043e\u043d\u0442\u0438\u0440\u043e\u0432\u0430\u043d\u0430 \u043e\u0433\u0440\u0430\u043d\u0438\u0447\u0438\u0432\u0430\u044e\u0449\u0430\u044f \u0441\u0442\u0435\u043d\u0430 \u0443\u043b\u0438\u0446\u044b \u041a\u0440\u0430\u0441\u0442\u0430, \u043e\u0441\u0443\u0449\u0435\u0441\u0442\u0432\u043b\u0435\u043d \u0440\u0435\u043c\u043e\u043d\u0442 \u0447\u0430\u0441\u0442\u0438 \u0437\u0430\u0449\u0438\u0442\u043d\u043e\u0439 \u043a\u0430\u043c\u0435\u043d\u043d\u043e\u0439 \u0434\u0430\u043c\u0431\u044b \u0431\u0435\u0440\u0435\u0433\u0430 \u0414\u0430\u0443\u0433\u0430\u0432\u044b \u0438 \u0434\u0440.<\/p><\/blockquote>\n<p>\u041e\u0431\u0449\u0435\u0435 \u0444\u0438\u043d\u0430\u043d\u0441\u0438\u0440\u043e\u0432\u0430\u043d\u0438\u0435 \u043f\u0440\u043e\u0435\u043a\u0442\u0430 4 910 000 \u043b\u0430\u0442\u043e\u0432 (\u0441\u0440\u043e\u043a \u0434\u0435\u043a\u0430\u0431\u0440\u044c 2013 \u0433\u043e\u0434\u0430). \u041e\u0431\u044a\u0435\u0434\u0438\u043d\u0435\u043d\u0438\u0435 \u043b\u0438\u0446 \u201eMerks- Saldus ce\u013cinieks\u201d \u041e\u0431\u0449\u0430\u044f \u0441\u0443\u043c\u043c\u0430 \u0441\u0442\u0440\u043e\u0438\u0442\u0435\u043b\u044c\u043d\u043e\u0433\u043e \u0434\u043e\u0433\u043e\u0432\u043e\u0440\u0430 4 540 052 \u043b\u0430\u0442\u043e\u0432 (\u0441\u0440\u043e\u043a \u0430\u043f\u0440\u0435\u043b\u044c 2013 \u0433\u043e\u0434\u0430). \u0424\u0438\u043d\u0430\u043d\u0441\u0438\u0440\u043e\u0432\u0430\u043d\u0438\u0435 \u0415\u0432\u0440\u043e\u043f\u0435\u0439\u0441\u043a\u043e\u0433\u043e \u0424\u043e\u043d\u0434\u0430 \u0440\u0435\u0433\u0438\u043e\u043d\u0430\u043b\u044c\u043d\u043e\u0433\u043e \u0440\u0430\u0437\u0432\u0438\u0442\u0438\u044f \u2013 2 550 000 \u043b\u0430\u0442\u043e\u0432. \u0421\u043e\u0444\u0438\u043d\u0430\u043d\u0441\u0438\u0440\u043e\u0432\u0430\u043d\u0438\u0435 \u0420\u0438\u0436\u0441\u043a\u043e\u0439 \u0414\u0443\u043c\u044b &#8212; 2 360 000 \u043b\u0430\u0442\u043e\u0432.<\/p>\n<p>\u0412\u0438\u0437\u0443\u0430\u043b\u0438\u0437\u0430\u0446\u0438\u0438 \u0442\u0435\u0445\u043d\u0438\u0447\u0435\u0441\u043a\u043e\u0433\u043e \u043f\u0440\u043e\u0435\u043a\u0442 \u0440\u0435\u0432\u0438\u0442\u0430\u043b\u0438\u0437\u0430\u0446\u0438\u0438 \u0421\u043f\u0438\u043a\u0435\u0440\u0438 \u043c\u043e\u0436\u043d\u043e \u043f\u043e\u0441\u043c\u043e\u0442\u0440\u0435\u0442\u044c \u043d\u0430 \u0434\u043e\u043c\u0430\u0448\u043d\u0435\u0439 \u0441\u0442\u0440\u0430\u043d\u0438\u0446\u0435 \u0414\u0435\u043f\u0430\u0440\u0442\u0430\u043c\u0435\u043d\u0442\u0430 \u043f\u043e \u0440\u0430\u0437\u0432\u0438\u0442\u0438\u044e \u0433\u043e\u0440\u043e\u0434\u0430 \u0420\u0438\u0436\u0441\u043a\u043e\u0439 \u0414\u0443\u043c\u044b &#171;<a href=\"http:\/\/www.rdpad.lv\/ru\/about\/\" target=\"_blank\">www.rdpad.lv<\/a>&#187; \u0432 \u0440\u0430\u0437\u0434\u0435\u043b\u0435 &#171;\u041f\u0440\u043e\u0435\u043a\u0442\u044b&#187;<\/p>\n","protected":false},"excerpt":{"rendered":"<p>\u0420\u0435\u043a\u043e\u043d\u0441\u0442\u0440\u0443\u043a\u0446\u0438\u044f \u041a\u0432\u0430\u0440\u0442\u0430\u043b\u0430 \u0421\u043f\u0438\u043a\u0435\u0440\u0438 \u0438 \u043d\u0430\u0431\u0435\u0440\u0435\u0436\u043d\u043e\u0439 \u0414\u0430\u0443\u0433\u0430\u0432\u044b \u041f\u0440\u0435\u0434\u0441\u0435\u0434\u0430\u0442\u0435\u043b\u044c \u0420\u0438\u0436\u0441\u043a\u043e\u0439 \u0414\u0443\u043c\u044b \u041d\u0438\u043b \u0423\u0448\u0430\u043a\u043e\u0432 \u0438 \u043f\u0440\u0435\u0434\u0441\u0435\u0434\u0430\u0442\u0435\u043b\u044c \u041a\u043e\u043c\u0438\u0442\u0435\u0442\u0430 \u043f\u043e \u0440\u0430\u0437\u0432\u0438\u0442\u0438\u044e \u0433\u043e\u0440\u043e\u0434\u0430 \u0412\u0430\u0434\u0438\u043c \u0415\u0440\u043e\u0448\u0435\u043d\u043a\u043e \u0432 2012 \u0433\u043e\u0434\u0443 \u043d\u0430\u0447\u0430\u043b\u0438 \u0440\u0430\u0431\u043e\u0442\u044b \u043f\u043e \u0440\u0435\u043a\u043e\u043d\u0441\u0442\u0440\u0443\u043a\u0446\u0438\u0438 \u043a\u0432\u0430\u0440\u0442\u0430\u043b\u0430 \u0421\u043f\u0438\u043a\u0435\u0440\u0438 \u0438 \u043d\u0430\u0431\u0435\u0440\u0435\u0436\u043d\u043e\u0439 \u0414\u0430\u0443\u0433\u0430\u0432\u044b. \u041a\u0432\u0430\u0440\u0442\u0430\u043b \u0421\u043f\u0438\u043a\u0435\u0440\u0438 \u043d\u0430\u0445\u043e\u0434\u0438\u0442\u0441\u044f \u043c\u0435\u0436\u0434\u0443 \u0443\u043b\u0438\u0446\u0430\u043c\u0438 \u041c\u0430\u0441\u043a\u0430\u0432\u0430\u0441, \u041a\u0440\u0430\u0441\u0442\u0430, \u0422\u0443\u0440\u0433\u0435\u043d\u0435\u0432\u0430 \u0438 \u0414\u0430\u0443\u0433\u0430\u0432\u043e\u0439. \u041e\u043d \u0432\u0445\u043e\u0434\u0438\u0442 \u0432 \u0442\u0435\u0440\u0440\u0438\u0442\u043e\u0440\u0438\u044e \u0432\u0441\u0435\u043c\u0438\u0440\u043d\u043e\u0433\u043e \u043a\u0443\u043b\u044c\u0442\u0443\u0440\u043d\u043e\u0433\u043e \u043d\u0430\u0441\u043b\u0435\u0434\u0438\u044f \u042e\u041d\u0415\u0421\u041a\u041e \u2013 \u0438\u0441\u0442\u043e\u0440\u0438\u0447\u0435\u0441\u043a\u0438\u0439 \u0446\u0435\u043d\u0442\u0440 \u0433\u043e\u0440\u043e\u0434\u0430 \u0420\u0438\u0433\u0438. \u0420\u0430\u0431\u043e\u0442\u044b [&hellip;]<\/p>\n","protected":false},"author":1,"featured_media":0,"parent":2198,"menu_order":0,"comment_status":"closed","ping_status":"closed","template":"_template_ps_page.php","meta":[],"acf":[],"yoast_head":"<!-- This site is optimized with the Yoast SEO plugin v19.13 - https:\/\/yoast.com\/wordpress\/plugins\/seo\/ -->\n<title>\u0420\u0435\u043a\u043e\u043d\u0441\u0442\u0440\u0443\u043a\u0446\u0438\u044f \u041a\u0432\u0430\u0440\u0442\u0430\u043b\u0430 \u0421\u043f\u0438\u043a\u0435\u0440\u0438 \u0438 \u043d\u0430\u0431\u0435\u0440\u0435\u0436\u043d\u043e\u0439 \u0414\u0430\u0443\u0433\u0430\u0432\u044b<\/title>\n<meta name=\"description\" content=\"\u0412 2012 \u0433\u043e\u0434\u0443 \u0431\u044b\u043b\u0430 \u043d\u0430\u0447\u0430\u0442\u0430 \u0440\u0435\u043a\u043e\u043d\u0441\u0442\u0440\u0443\u043a\u0446\u0438\u044f, \u0441 \u0446\u0435\u043b\u044c\u044e \u043e\u0431\u0435\u0441\u043f\u0435\u0447\u0438\u0442\u044c \u0440\u0435\u0432\u0438\u0442\u0430\u043b\u0438\u0437\u0430\u0446\u0438\u044e \u0442\u0435\u0440\u0440\u0438\u0442\u043e\u0440\u0438\u0438, \u043f\u0440\u0435\u0432\u0440\u0430\u0442\u0438\u0432 \u0435\u0435 \u0432 \u043f\u0443\u0431\u043b\u0438\u0447\u043d\u043e\u0435 \u043f\u043e\u043c\u0435\u0449\u0435\u043d\u0438\u0435 \u043a\u0443\u043b\u044c\u0442\u0443\u0440\u044b, \u043e\u0431\u0440\u0430\u0437\u043e\u0432\u0430\u043d\u0438\u044f \u0438 \u043e\u0442\u0434\u044b\u0445\u0430\" \/>\n<meta name=\"robots\" content=\"index, follow, max-snippet:-1, max-image-preview:large, max-video-preview:-1\" \/>\n<link rel=\"canonical\" href=\"https:\/\/www.spikeri.lv\/ru\/spikeri\/attistiba\/\" \/>\n<meta property=\"og:locale\" content=\"ru_RU\" \/>\n<meta property=\"og:type\" content=\"article\" \/>\n<meta property=\"og:title\" content=\"\u0420\u0435\u043a\u043e\u043d\u0441\u0442\u0440\u0443\u043a\u0446\u0438\u044f \u041a\u0432\u0430\u0440\u0442\u0430\u043b\u0430 \u0421\u043f\u0438\u043a\u0435\u0440\u0438 \u0438 \u043d\u0430\u0431\u0435\u0440\u0435\u0436\u043d\u043e\u0439 \u0414\u0430\u0443\u0433\u0430\u0432\u044b\" \/>\n<meta property=\"og:description\" content=\"\u0412 2012 \u0433\u043e\u0434\u0443 \u0431\u044b\u043b\u0430 \u043d\u0430\u0447\u0430\u0442\u0430 \u0440\u0435\u043a\u043e\u043d\u0441\u0442\u0440\u0443\u043a\u0446\u0438\u044f, \u0441 \u0446\u0435\u043b\u044c\u044e \u043e\u0431\u0435\u0441\u043f\u0435\u0447\u0438\u0442\u044c \u0440\u0435\u0432\u0438\u0442\u0430\u043b\u0438\u0437\u0430\u0446\u0438\u044e \u0442\u0435\u0440\u0440\u0438\u0442\u043e\u0440\u0438\u0438, \u043f\u0440\u0435\u0432\u0440\u0430\u0442\u0438\u0432 \u0435\u0435 \u0432 \u043f\u0443\u0431\u043b\u0438\u0447\u043d\u043e\u0435 \u043f\u043e\u043c\u0435\u0449\u0435\u043d\u0438\u0435 \u043a\u0443\u043b\u044c\u0442\u0443\u0440\u044b, \u043e\u0431\u0440\u0430\u0437\u043e\u0432\u0430\u043d\u0438\u044f \u0438 \u043e\u0442\u0434\u044b\u0445\u0430\" \/>\n<meta property=\"og:url\" content=\"https:\/\/www.spikeri.lv\/ru\/spikeri\/attistiba\/\" \/>\n<meta property=\"og:site_name\" content=\"spikeri.lv\" \/>\n<meta property=\"article:publisher\" content=\"https:\/\/www.facebook.com\/spikeri?ref=hl\" \/>\n<meta property=\"article:modified_time\" content=\"2016-10-28T10:39:41+00:00\" \/>\n<meta property=\"og:image\" content=\"https:\/\/www.spikeri.lv\/wp-content\/uploads\/2015\/10\/spikeri.jpg\" \/>\n\t<meta property=\"og:image:width\" content=\"314\" \/>\n\t<meta property=\"og:image:height\" content=\"106\" \/>\n\t<meta property=\"og:image:type\" content=\"image\/jpeg\" \/>\n<meta name=\"twitter:card\" content=\"summary_large_image\" \/>\n<meta name=\"twitter:site\" content=\"@spikeri\" \/>\n<script type=\"application\/ld+json\" class=\"yoast-schema-graph\">{\"@context\":\"https:\/\/schema.org\",\"@graph\":[{\"@type\":\"WebPage\",\"@id\":\"https:\/\/www.spikeri.lv\/ru\/spikeri\/attistiba\/\",\"url\":\"https:\/\/www.spikeri.lv\/ru\/spikeri\/attistiba\/\",\"name\":\"\u0420\u0435\u043a\u043e\u043d\u0441\u0442\u0440\u0443\u043a\u0446\u0438\u044f \u041a\u0432\u0430\u0440\u0442\u0430\u043b\u0430 \u0421\u043f\u0438\u043a\u0435\u0440\u0438 \u0438 \u043d\u0430\u0431\u0435\u0440\u0435\u0436\u043d\u043e\u0439 \u0414\u0430\u0443\u0433\u0430\u0432\u044b\",\"isPartOf\":{\"@id\":\"https:\/\/www.spikeri.lv\/#website\"},\"datePublished\":\"2014-02-12T11:48:01+00:00\",\"dateModified\":\"2016-10-28T10:39:41+00:00\",\"description\":\"\u0412 2012 \u0433\u043e\u0434\u0443 \u0431\u044b\u043b\u0430 \u043d\u0430\u0447\u0430\u0442\u0430 \u0440\u0435\u043a\u043e\u043d\u0441\u0442\u0440\u0443\u043a\u0446\u0438\u044f, \u0441 \u0446\u0435\u043b\u044c\u044e \u043e\u0431\u0435\u0441\u043f\u0435\u0447\u0438\u0442\u044c \u0440\u0435\u0432\u0438\u0442\u0430\u043b\u0438\u0437\u0430\u0446\u0438\u044e \u0442\u0435\u0440\u0440\u0438\u0442\u043e\u0440\u0438\u0438, \u043f\u0440\u0435\u0432\u0440\u0430\u0442\u0438\u0432 \u0435\u0435 \u0432 \u043f\u0443\u0431\u043b\u0438\u0447\u043d\u043e\u0435 \u043f\u043e\u043c\u0435\u0449\u0435\u043d\u0438\u0435 \u043a\u0443\u043b\u044c\u0442\u0443\u0440\u044b, \u043e\u0431\u0440\u0430\u0437\u043e\u0432\u0430\u043d\u0438\u044f \u0438 \u043e\u0442\u0434\u044b\u0445\u0430\",\"breadcrumb\":{\"@id\":\"https:\/\/www.spikeri.lv\/ru\/spikeri\/attistiba\/#breadcrumb\"},\"inLanguage\":\"ru-RU\",\"potentialAction\":[{\"@type\":\"ReadAction\",\"target\":[\"https:\/\/www.spikeri.lv\/ru\/spikeri\/attistiba\/\"]}]},{\"@type\":\"BreadcrumbList\",\"@id\":\"https:\/\/www.spikeri.lv\/ru\/spikeri\/attistiba\/#breadcrumb\",\"itemListElement\":[{\"@type\":\"ListItem\",\"position\":1,\"name\":\"Home\",\"item\":\"https:\/\/www.spikeri.lv\/ru\/\"},{\"@type\":\"ListItem\",\"position\":2,\"name\":\"\u0422\u0432\u043e\u0440\u0447\u0435\u0441\u043a\u0438\u0439 \u043a\u0432\u0430\u0440\u0442\u0430\u043b \u0421\u043f\u0438\u043a\u0435\u0440\u0438 \u0438 \u043f\u0440\u043e\u043c\u0435\u043d\u0430\u0434\",\"item\":\"https:\/\/www.spikeri.lv\/ru\/spikeri\/\"},{\"@type\":\"ListItem\",\"position\":3,\"name\":\"\u0420\u0430\u0437\u0432\u0438\u0442\u0438\u0435\"}]},{\"@type\":\"WebSite\",\"@id\":\"https:\/\/www.spikeri.lv\/#website\",\"url\":\"https:\/\/www.spikeri.lv\/\",\"name\":\"spikeri.lv\",\"description\":\"Sp\u012b\u0137eru kvart\u0101ls - biroju noma, kult\u016bras pas\u0101kumi R\u012bg\u0101\",\"potentialAction\":[{\"@type\":\"SearchAction\",\"target\":{\"@type\":\"EntryPoint\",\"urlTemplate\":\"https:\/\/www.spikeri.lv\/?s={search_term_string}\"},\"query-input\":\"required name=search_term_string\"}],\"inLanguage\":\"ru-RU\"}]}<\/script>\n<!-- \/ Yoast SEO plugin. -->","yoast_head_json":{"title":"\u0420\u0435\u043a\u043e\u043d\u0441\u0442\u0440\u0443\u043a\u0446\u0438\u044f \u041a\u0432\u0430\u0440\u0442\u0430\u043b\u0430 \u0421\u043f\u0438\u043a\u0435\u0440\u0438 \u0438 \u043d\u0430\u0431\u0435\u0440\u0435\u0436\u043d\u043e\u0439 \u0414\u0430\u0443\u0433\u0430\u0432\u044b","description":"\u0412 2012 \u0433\u043e\u0434\u0443 \u0431\u044b\u043b\u0430 \u043d\u0430\u0447\u0430\u0442\u0430 \u0440\u0435\u043a\u043e\u043d\u0441\u0442\u0440\u0443\u043a\u0446\u0438\u044f, \u0441 \u0446\u0435\u043b\u044c\u044e \u043e\u0431\u0435\u0441\u043f\u0435\u0447\u0438\u0442\u044c \u0440\u0435\u0432\u0438\u0442\u0430\u043b\u0438\u0437\u0430\u0446\u0438\u044e \u0442\u0435\u0440\u0440\u0438\u0442\u043e\u0440\u0438\u0438, \u043f\u0440\u0435\u0432\u0440\u0430\u0442\u0438\u0432 \u0435\u0435 \u0432 \u043f\u0443\u0431\u043b\u0438\u0447\u043d\u043e\u0435 \u043f\u043e\u043c\u0435\u0449\u0435\u043d\u0438\u0435 \u043a\u0443\u043b\u044c\u0442\u0443\u0440\u044b, \u043e\u0431\u0440\u0430\u0437\u043e\u0432\u0430\u043d\u0438\u044f \u0438 \u043e\u0442\u0434\u044b\u0445\u0430","robots":{"index":"index","follow":"follow","max-snippet":"max-snippet:-1","max-image-preview":"max-image-preview:large","max-video-preview":"max-video-preview:-1"},"canonical":"https:\/\/www.spikeri.lv\/ru\/spikeri\/attistiba\/","og_locale":"ru_RU","og_type":"article","og_title":"\u0420\u0435\u043a\u043e\u043d\u0441\u0442\u0440\u0443\u043a\u0446\u0438\u044f \u041a\u0432\u0430\u0440\u0442\u0430\u043b\u0430 \u0421\u043f\u0438\u043a\u0435\u0440\u0438 \u0438 \u043d\u0430\u0431\u0435\u0440\u0435\u0436\u043d\u043e\u0439 \u0414\u0430\u0443\u0433\u0430\u0432\u044b","og_description":"\u0412 2012 \u0433\u043e\u0434\u0443 \u0431\u044b\u043b\u0430 \u043d\u0430\u0447\u0430\u0442\u0430 \u0440\u0435\u043a\u043e\u043d\u0441\u0442\u0440\u0443\u043a\u0446\u0438\u044f, \u0441 \u0446\u0435\u043b\u044c\u044e \u043e\u0431\u0435\u0441\u043f\u0435\u0447\u0438\u0442\u044c \u0440\u0435\u0432\u0438\u0442\u0430\u043b\u0438\u0437\u0430\u0446\u0438\u044e \u0442\u0435\u0440\u0440\u0438\u0442\u043e\u0440\u0438\u0438, \u043f\u0440\u0435\u0432\u0440\u0430\u0442\u0438\u0432 \u0435\u0435 \u0432 \u043f\u0443\u0431\u043b\u0438\u0447\u043d\u043e\u0435 \u043f\u043e\u043c\u0435\u0449\u0435\u043d\u0438\u0435 \u043a\u0443\u043b\u044c\u0442\u0443\u0440\u044b, \u043e\u0431\u0440\u0430\u0437\u043e\u0432\u0430\u043d\u0438\u044f \u0438 \u043e\u0442\u0434\u044b\u0445\u0430","og_url":"https:\/\/www.spikeri.lv\/ru\/spikeri\/attistiba\/","og_site_name":"spikeri.lv","article_publisher":"https:\/\/www.facebook.com\/spikeri?ref=hl","article_modified_time":"2016-10-28T10:39:41+00:00","og_image":[{"width":314,"height":106,"url":"https:\/\/www.spikeri.lv\/wp-content\/uploads\/2015\/10\/spikeri.jpg","type":"image\/jpeg"}],"twitter_card":"summary_large_image","twitter_site":"@spikeri","schema":{"@context":"https:\/\/schema.org","@graph":[{"@type":"WebPage","@id":"https:\/\/www.spikeri.lv\/ru\/spikeri\/attistiba\/","url":"https:\/\/www.spikeri.lv\/ru\/spikeri\/attistiba\/","name":"\u0420\u0435\u043a\u043e\u043d\u0441\u0442\u0440\u0443\u043a\u0446\u0438\u044f \u041a\u0432\u0430\u0440\u0442\u0430\u043b\u0430 \u0421\u043f\u0438\u043a\u0435\u0440\u0438 \u0438 \u043d\u0430\u0431\u0435\u0440\u0435\u0436\u043d\u043e\u0439 \u0414\u0430\u0443\u0433\u0430\u0432\u044b","isPartOf":{"@id":"https:\/\/www.spikeri.lv\/#website"},"datePublished":"2014-02-12T11:48:01+00:00","dateModified":"2016-10-28T10:39:41+00:00","description":"\u0412 2012 \u0433\u043e\u0434\u0443 \u0431\u044b\u043b\u0430 \u043d\u0430\u0447\u0430\u0442\u0430 \u0440\u0435\u043a\u043e\u043d\u0441\u0442\u0440\u0443\u043a\u0446\u0438\u044f, \u0441 \u0446\u0435\u043b\u044c\u044e \u043e\u0431\u0435\u0441\u043f\u0435\u0447\u0438\u0442\u044c \u0440\u0435\u0432\u0438\u0442\u0430\u043b\u0438\u0437\u0430\u0446\u0438\u044e \u0442\u0435\u0440\u0440\u0438\u0442\u043e\u0440\u0438\u0438, \u043f\u0440\u0435\u0432\u0440\u0430\u0442\u0438\u0432 \u0435\u0435 \u0432 \u043f\u0443\u0431\u043b\u0438\u0447\u043d\u043e\u0435 \u043f\u043e\u043c\u0435\u0449\u0435\u043d\u0438\u0435 \u043a\u0443\u043b\u044c\u0442\u0443\u0440\u044b, \u043e\u0431\u0440\u0430\u0437\u043e\u0432\u0430\u043d\u0438\u044f \u0438 \u043e\u0442\u0434\u044b\u0445\u0430","breadcrumb":{"@id":"https:\/\/www.spikeri.lv\/ru\/spikeri\/attistiba\/#breadcrumb"},"inLanguage":"ru-RU","potentialAction":[{"@type":"ReadAction","target":["https:\/\/www.spikeri.lv\/ru\/spikeri\/attistiba\/"]}]},{"@type":"BreadcrumbList","@id":"https:\/\/www.spikeri.lv\/ru\/spikeri\/attistiba\/#breadcrumb","itemListElement":[{"@type":"ListItem","position":1,"name":"Home","item":"https:\/\/www.spikeri.lv\/ru\/"},{"@type":"ListItem","position":2,"name":"\u0422\u0432\u043e\u0440\u0447\u0435\u0441\u043a\u0438\u0439 \u043a\u0432\u0430\u0440\u0442\u0430\u043b \u0421\u043f\u0438\u043a\u0435\u0440\u0438 \u0438 \u043f\u0440\u043e\u043c\u0435\u043d\u0430\u0434","item":"https:\/\/www.spikeri.lv\/ru\/spikeri\/"},{"@type":"ListItem","position":3,"name":"\u0420\u0430\u0437\u0432\u0438\u0442\u0438\u0435"}]},{"@type":"WebSite","@id":"https:\/\/www.spikeri.lv\/#website","url":"https:\/\/www.spikeri.lv\/","name":"spikeri.lv","description":"Sp\u012b\u0137eru kvart\u0101ls - biroju noma, kult\u016bras pas\u0101kumi R\u012bg\u0101","potentialAction":[{"@type":"SearchAction","target":{"@type":"EntryPoint","urlTemplate":"https:\/\/www.spikeri.lv\/?s={search_term_string}"},"query-input":"required name=search_term_string"}],"inLanguage":"ru-RU"}]}},"_links":{"self":[{"href":"https:\/\/www.spikeri.lv\/ru\/wp-json\/wp\/v2\/pages\/2326"}],"collection":[{"href":"https:\/\/www.spikeri.lv\/ru\/wp-json\/wp\/v2\/pages"}],"about":[{"href":"https:\/\/www.spikeri.lv\/ru\/wp-json\/wp\/v2\/types\/page"}],"author":[{"embeddable":true,"href":"https:\/\/www.spikeri.lv\/ru\/wp-json\/wp\/v2\/users\/1"}],"replies":[{"embeddable":true,"href":"https:\/\/www.spikeri.lv\/ru\/wp-json\/wp\/v2\/comments?post=2326"}],"version-history":[{"count":0,"href":"https:\/\/www.spikeri.lv\/ru\/wp-json\/wp\/v2\/pages\/2326\/revisions"}],"up":[{"embeddable":true,"href":"https:\/\/www.spikeri.lv\/ru\/wp-json\/wp\/v2\/pages\/2198"}],"wp:attachment":[{"href":"https:\/\/www.spikeri.lv\/ru\/wp-json\/wp\/v2\/media?parent=2326"}],"curies":[{"name":"wp","href":"https:\/\/api.w.org\/{rel}","templated":true}]}}