{"id":649,"date":"2014-02-27T08:34:54","date_gmt":"2014-02-27T08:34:54","guid":{"rendered":"http:\/\/www.spikeri.lv\/?page_id=649"},"modified":"2021-07-27T16:45:13","modified_gmt":"2021-07-27T13:45:13","slug":"kontakty","status":"publish","type":"page","link":"https:\/\/www.spikeri.lv\/ru\/kontakty\/","title":{"rendered":"\u041a\u043e\u043d\u0442\u0430\u043a\u0442\u044b"},"content":{"rendered":"<h3><span class=\"VIiyi\" lang=\"ru\"><span class=\"JLqJ4b ChMk0b\" data-language-for-alternatives=\"ru\" data-language-to-translate-into=\"lv\" data-phrase-index=\"0\">\u0410\u0440\u0435\u043d\u0434\u0430 \u043e\u0444\u0438\u0441\u043d\u044b\u0445 \u043f\u043e\u043c\u0435\u0449\u0435\u043d\u0438\u0439, \u0443\u043f\u0440\u0430\u0432\u043b\u0435\u043d\u0438\u0435:<\/span><\/span><\/h3>\n<h3><strong>\u041e\u041e\u041e \u201cSpikeru nami\u201d<\/strong><\/h3>\n<p><i class=\"fa fa-map-marker\"><span style=\"color: transparent; display: none;\">icon-map-marker<\/span><\/i>\u00a0\u0423\u043b\u0438\u0446\u0430 \u041c\u0430\u0441\u043a\u0430\u0432\u0430\u0441 6, \u0420\u0438\u0433\u0430, LV-1050<\/p>\n<p><i class=\"fa fa-envelope\"><span style=\"color: transparent; display: none;\">icon-envelope<\/span><\/i>\u00a0 info&#64;spi&#107;&#101;&#114;&#117;&#110;&#97;&#109;&#105;&#46;&#108;&#x76;<\/p>\n<hr \/>\n<h3><span class=\"VIiyi\" lang=\"ru\"><span class=\"JLqJ4b ChMk0b\" data-language-for-alternatives=\"ru\" data-language-to-translate-into=\"lv\" data-phrase-index=\"0\">\u041c\u0435\u0440\u043e\u043f\u0440\u0438\u044f\u0442\u0438\u044f, \u0431\u0430\u0440\u0430\u0445\u043e\u043b\u043a\u0430:<\/span><\/span><\/h3>\n<h3><strong>\u0422\u043e\u0432\u0430\u0440\u0438\u0449\u0435\u0441\u0442\u0432\u043e \u201cR\u012bgas Sp\u012b\u0137eri\u201d<\/strong><\/h3>\n<p><i class=\"fa fa-map-marker\"><span style=\"color: transparent; display: none;\">icon-map-marker<\/span><\/i>\u00a0\u0423\u043b\u0438\u0446\u0430 \u041c\u0430\u0441\u043a\u0430\u0432\u0430\u0441 6, \u0420\u0438\u0433\u0430, LV-1050<\/p>\n<p><i class=\"fa fa-envelope\"><span style=\"color: transparent; display: none;\">icon-envelope<\/span><\/i>\u00a0 &#115;&#x70;&#x69;k&#101;&#x72;i&#64;&#x73;&#x70;i&#107;&#x65;r&#105;&#x2e;&#x6c;v<\/p>\n<p>&nbsp;<\/p>\n<p><iframe loading=\"lazy\" style=\"border: 0;\" src=\"https:\/\/www.google.com\/maps\/embed?pb=!1m18!1m12!1m3!1d2176.378905921724!2d24.112992716290787!3d56.9423092808882!2m3!1f0!2f0!3f0!3m2!1i1024!2i768!4f13.1!3m3!1m2!1s0x46eecfd5588f24a1%3A0xc617e8230a409767!2sMaskavas+iela+6%2C+Latgales+priek%C5%A1pils%C4%93ta%2C+R%C4%ABga%2C+LV-1050!5e0!3m2!1sen!2slv!4v1551262404841\" width=\"1200\" height=\"400\" frameborder=\"0\" allowfullscreen=\"allowfullscreen\"><\/iframe><\/p>\n<h3><\/h3>\n","protected":false},"excerpt":{"rendered":"<p>\u0410\u0440\u0435\u043d\u0434\u0430 \u043e\u0444\u0438\u0441\u043d\u044b\u0445 \u043f\u043e\u043c\u0435\u0449\u0435\u043d\u0438\u0439, \u0443\u043f\u0440\u0430\u0432\u043b\u0435\u043d\u0438\u0435: \u041e\u041e\u041e \u201cSpikeru nami\u201d icon-map-marker\u00a0\u0423\u043b\u0438\u0446\u0430 \u041c\u0430\u0441\u043a\u0430\u0432\u0430\u0441 6, \u0420\u0438\u0433\u0430, LV-1050 icon-envelope\u00a0 &#x69;&#110;&#102;o&#x40;&#x73;&#112;i&#x6b;&#x65;&#114;u&#x6e;&#x61;&#109;i&#x2e;&#x6c;&#118; \u041c\u0435\u0440\u043e\u043f\u0440\u0438\u044f\u0442\u0438\u044f, \u0431\u0430\u0440\u0430\u0445\u043e\u043b\u043a\u0430: \u0422\u043e\u0432\u0430\u0440\u0438\u0449\u0435\u0441\u0442\u0432\u043e \u201cR\u012bgas Sp\u012b\u0137eri\u201d icon-map-marker\u00a0\u0423\u043b\u0438\u0446\u0430 \u041c\u0430\u0441\u043a\u0430\u0432\u0430\u0441 6, \u0420\u0438\u0433\u0430, LV-1050 icon-envelope\u00a0 &#x73;&#x70;&#x69;&#x6b;&#101;&#114;i&#64;s&#x70;&#x69;&#x6b;&#x65;&#114;&#105;&#46;lv &nbsp;<\/p>\n","protected":false},"author":1,"featured_media":0,"parent":0,"menu_order":0,"comment_status":"closed","ping_status":"closed","template":"_template_ps_page.php","meta":[],"acf":[],"yoast_head":"<!-- This site is optimized with the Yoast SEO plugin v19.13 - https:\/\/yoast.com\/wordpress\/plugins\/seo\/ -->\n<title>\u041a\u043e\u043d\u0442\u0430\u043a\u0442\u044b - spikeri.lv<\/title>\n<meta name=\"description\" content=\"\u0410\u0440\u0435\u043d\u0434\u0430 \u043e\u0444\u0438\u0441\u043d\u044b\u0445 \u043f\u043e\u043c\u0435\u0449\u0435\u043d\u0438\u0439, \u0443\u043f\u0440\u0430\u0432\u043b\u0435\u043d\u0438\u0435: \u041e\u041e\u041e \u201cSpikeru nami\u201d icon-map-marker\u00a0\u0423\u043b\u0438\u0446\u0430 \u041c\u0430\u0441\u043a\u0430\u0432\u0430\u0441 6, \u0420\u0438\u0433\u0430, LV-1050 icon-envelope\u00a0 info@spikerunami.lv \u041c\u0435\u0440\u043e\u043f\u0440\u0438\u044f\u0442\u0438\u044f,\" \/>\n<meta name=\"robots\" content=\"index, follow, max-snippet:-1, max-image-preview:large, max-video-preview:-1\" \/>\n<link rel=\"canonical\" href=\"https:\/\/www.spikeri.lv\/ru\/kontakty\/\" \/>\n<meta property=\"og:locale\" content=\"ru_RU\" \/>\n<meta property=\"og:type\" content=\"article\" \/>\n<meta property=\"og:title\" content=\"\u041a\u043e\u043d\u0442\u0430\u043a\u0442\u044b - spikeri.lv\" \/>\n<meta property=\"og:description\" content=\"\u0410\u0440\u0435\u043d\u0434\u0430 \u043e\u0444\u0438\u0441\u043d\u044b\u0445 \u043f\u043e\u043c\u0435\u0449\u0435\u043d\u0438\u0439, \u0443\u043f\u0440\u0430\u0432\u043b\u0435\u043d\u0438\u0435: \u041e\u041e\u041e \u201cSpikeru nami\u201d icon-map-marker\u00a0\u0423\u043b\u0438\u0446\u0430 \u041c\u0430\u0441\u043a\u0430\u0432\u0430\u0441 6, \u0420\u0438\u0433\u0430, LV-1050 icon-envelope\u00a0 info@spikerunami.lv \u041c\u0435\u0440\u043e\u043f\u0440\u0438\u044f\u0442\u0438\u044f,\" \/>\n<meta property=\"og:url\" content=\"https:\/\/www.spikeri.lv\/ru\/kontakty\/\" \/>\n<meta property=\"og:site_name\" content=\"spikeri.lv\" \/>\n<meta property=\"article:publisher\" content=\"https:\/\/www.facebook.com\/spikeri?ref=hl\" \/>\n<meta property=\"article:modified_time\" content=\"2021-07-27T13:45:13+00:00\" \/>\n<meta property=\"og:image\" content=\"https:\/\/www.spikeri.lv\/wp-content\/uploads\/2015\/10\/spikeri.jpg\" \/>\n\t<meta property=\"og:image:width\" content=\"314\" \/>\n\t<meta property=\"og:image:height\" content=\"106\" \/>\n\t<meta property=\"og:image:type\" content=\"image\/jpeg\" \/>\n<meta name=\"twitter:card\" content=\"summary_large_image\" \/>\n<meta name=\"twitter:site\" content=\"@spikeri\" \/>\n<meta name=\"twitter:label1\" content=\"\u041f\u0440\u0438\u043c\u0435\u0440\u043d\u043e\u0435 \u0432\u0440\u0435\u043c\u044f \u0434\u043b\u044f \u0447\u0442\u0435\u043d\u0438\u044f\" \/>\n\t<meta name=\"twitter:data1\" content=\"1 \u043c\u0438\u043d\u0443\u0442\u0430\" \/>\n<script type=\"application\/ld+json\" class=\"yoast-schema-graph\">{\"@context\":\"https:\/\/schema.org\",\"@graph\":[{\"@type\":\"WebPage\",\"@id\":\"https:\/\/www.spikeri.lv\/ru\/kontakty\/\",\"url\":\"https:\/\/www.spikeri.lv\/ru\/kontakty\/\",\"name\":\"\u041a\u043e\u043d\u0442\u0430\u043a\u0442\u044b - spikeri.lv\",\"isPartOf\":{\"@id\":\"https:\/\/www.spikeri.lv\/#website\"},\"datePublished\":\"2014-02-27T08:34:54+00:00\",\"dateModified\":\"2021-07-27T13:45:13+00:00\",\"description\":\"\u0410\u0440\u0435\u043d\u0434\u0430 \u043e\u0444\u0438\u0441\u043d\u044b\u0445 \u043f\u043e\u043c\u0435\u0449\u0435\u043d\u0438\u0439, \u0443\u043f\u0440\u0430\u0432\u043b\u0435\u043d\u0438\u0435: \u041e\u041e\u041e \u201cSpikeru nami\u201d icon-map-marker\u00a0\u0423\u043b\u0438\u0446\u0430 \u041c\u0430\u0441\u043a\u0430\u0432\u0430\u0441 6, \u0420\u0438\u0433\u0430, LV-1050 icon-envelope\u00a0 info@spikerunami.lv \u041c\u0435\u0440\u043e\u043f\u0440\u0438\u044f\u0442\u0438\u044f,\",\"breadcrumb\":{\"@id\":\"https:\/\/www.spikeri.lv\/ru\/kontakty\/#breadcrumb\"},\"inLanguage\":\"ru-RU\",\"potentialAction\":[{\"@type\":\"ReadAction\",\"target\":[\"https:\/\/www.spikeri.lv\/ru\/kontakty\/\"]}]},{\"@type\":\"BreadcrumbList\",\"@id\":\"https:\/\/www.spikeri.lv\/ru\/kontakty\/#breadcrumb\",\"itemListElement\":[{\"@type\":\"ListItem\",\"position\":1,\"name\":\"Home\",\"item\":\"https:\/\/www.spikeri.lv\/ru\/\"},{\"@type\":\"ListItem\",\"position\":2,\"name\":\"\u041a\u043e\u043d\u0442\u0430\u043a\u0442\u044b\"}]},{\"@type\":\"WebSite\",\"@id\":\"https:\/\/www.spikeri.lv\/#website\",\"url\":\"https:\/\/www.spikeri.lv\/\",\"name\":\"spikeri.lv\",\"description\":\"Sp\u012b\u0137eru kvart\u0101ls - biroju noma, kult\u016bras pas\u0101kumi R\u012bg\u0101\",\"potentialAction\":[{\"@type\":\"SearchAction\",\"target\":{\"@type\":\"EntryPoint\",\"urlTemplate\":\"https:\/\/www.spikeri.lv\/?s={search_term_string}\"},\"query-input\":\"required name=search_term_string\"}],\"inLanguage\":\"ru-RU\"}]}<\/script>\n<!-- \/ Yoast SEO plugin. -->","yoast_head_json":{"title":"\u041a\u043e\u043d\u0442\u0430\u043a\u0442\u044b - spikeri.lv","description":"\u0410\u0440\u0435\u043d\u0434\u0430 \u043e\u0444\u0438\u0441\u043d\u044b\u0445 \u043f\u043e\u043c\u0435\u0449\u0435\u043d\u0438\u0439, \u0443\u043f\u0440\u0430\u0432\u043b\u0435\u043d\u0438\u0435: \u041e\u041e\u041e \u201cSpikeru nami\u201d icon-map-marker\u00a0\u0423\u043b\u0438\u0446\u0430 \u041c\u0430\u0441\u043a\u0430\u0432\u0430\u0441 6, \u0420\u0438\u0433\u0430, LV-1050 icon-envelope\u00a0 info@spikerunami.lv \u041c\u0435\u0440\u043e\u043f\u0440\u0438\u044f\u0442\u0438\u044f,","robots":{"index":"index","follow":"follow","max-snippet":"max-snippet:-1","max-image-preview":"max-image-preview:large","max-video-preview":"max-video-preview:-1"},"canonical":"https:\/\/www.spikeri.lv\/ru\/kontakty\/","og_locale":"ru_RU","og_type":"article","og_title":"\u041a\u043e\u043d\u0442\u0430\u043a\u0442\u044b - spikeri.lv","og_description":"\u0410\u0440\u0435\u043d\u0434\u0430 \u043e\u0444\u0438\u0441\u043d\u044b\u0445 \u043f\u043e\u043c\u0435\u0449\u0435\u043d\u0438\u0439, \u0443\u043f\u0440\u0430\u0432\u043b\u0435\u043d\u0438\u0435: \u041e\u041e\u041e \u201cSpikeru nami\u201d icon-map-marker\u00a0\u0423\u043b\u0438\u0446\u0430 \u041c\u0430\u0441\u043a\u0430\u0432\u0430\u0441 6, \u0420\u0438\u0433\u0430, LV-1050 icon-envelope\u00a0 info@spikerunami.lv \u041c\u0435\u0440\u043e\u043f\u0440\u0438\u044f\u0442\u0438\u044f,","og_url":"https:\/\/www.spikeri.lv\/ru\/kontakty\/","og_site_name":"spikeri.lv","article_publisher":"https:\/\/www.facebook.com\/spikeri?ref=hl","article_modified_time":"2021-07-27T13:45:13+00:00","og_image":[{"width":314,"height":106,"url":"https:\/\/www.spikeri.lv\/wp-content\/uploads\/2015\/10\/spikeri.jpg","type":"image\/jpeg"}],"twitter_card":"summary_large_image","twitter_site":"@spikeri","twitter_misc":{"\u041f\u0440\u0438\u043c\u0435\u0440\u043d\u043e\u0435 \u0432\u0440\u0435\u043c\u044f \u0434\u043b\u044f \u0447\u0442\u0435\u043d\u0438\u044f":"1 \u043c\u0438\u043d\u0443\u0442\u0430"},"schema":{"@context":"https:\/\/schema.org","@graph":[{"@type":"WebPage","@id":"https:\/\/www.spikeri.lv\/ru\/kontakty\/","url":"https:\/\/www.spikeri.lv\/ru\/kontakty\/","name":"\u041a\u043e\u043d\u0442\u0430\u043a\u0442\u044b - spikeri.lv","isPartOf":{"@id":"https:\/\/www.spikeri.lv\/#website"},"datePublished":"2014-02-27T08:34:54+00:00","dateModified":"2021-07-27T13:45:13+00:00","description":"\u0410\u0440\u0435\u043d\u0434\u0430 \u043e\u0444\u0438\u0441\u043d\u044b\u0445 \u043f\u043e\u043c\u0435\u0449\u0435\u043d\u0438\u0439, \u0443\u043f\u0440\u0430\u0432\u043b\u0435\u043d\u0438\u0435: \u041e\u041e\u041e \u201cSpikeru nami\u201d icon-map-marker\u00a0\u0423\u043b\u0438\u0446\u0430 \u041c\u0430\u0441\u043a\u0430\u0432\u0430\u0441 6, \u0420\u0438\u0433\u0430, LV-1050 icon-envelope\u00a0 info@spikerunami.lv \u041c\u0435\u0440\u043e\u043f\u0440\u0438\u044f\u0442\u0438\u044f,","breadcrumb":{"@id":"https:\/\/www.spikeri.lv\/ru\/kontakty\/#breadcrumb"},"inLanguage":"ru-RU","potentialAction":[{"@type":"ReadAction","target":["https:\/\/www.spikeri.lv\/ru\/kontakty\/"]}]},{"@type":"BreadcrumbList","@id":"https:\/\/www.spikeri.lv\/ru\/kontakty\/#breadcrumb","itemListElement":[{"@type":"ListItem","position":1,"name":"Home","item":"https:\/\/www.spikeri.lv\/ru\/"},{"@type":"ListItem","position":2,"name":"\u041a\u043e\u043d\u0442\u0430\u043a\u0442\u044b"}]},{"@type":"WebSite","@id":"https:\/\/www.spikeri.lv\/#website","url":"https:\/\/www.spikeri.lv\/","name":"spikeri.lv","description":"Sp\u012b\u0137eru kvart\u0101ls - biroju noma, kult\u016bras pas\u0101kumi R\u012bg\u0101","potentialAction":[{"@type":"SearchAction","target":{"@type":"EntryPoint","urlTemplate":"https:\/\/www.spikeri.lv\/?s={search_term_string}"},"query-input":"required name=search_term_string"}],"inLanguage":"ru-RU"}]}},"_links":{"self":[{"href":"https:\/\/www.spikeri.lv\/ru\/wp-json\/wp\/v2\/pages\/649"}],"collection":[{"href":"https:\/\/www.spikeri.lv\/ru\/wp-json\/wp\/v2\/pages"}],"about":[{"href":"https:\/\/www.spikeri.lv\/ru\/wp-json\/wp\/v2\/types\/page"}],"author":[{"embeddable":true,"href":"https:\/\/www.spikeri.lv\/ru\/wp-json\/wp\/v2\/users\/1"}],"replies":[{"embeddable":true,"href":"https:\/\/www.spikeri.lv\/ru\/wp-json\/wp\/v2\/comments?post=649"}],"version-history":[{"count":4,"href":"https:\/\/www.spikeri.lv\/ru\/wp-json\/wp\/v2\/pages\/649\/revisions"}],"predecessor-version":[{"id":1636,"href":"https:\/\/www.spikeri.lv\/ru\/wp-json\/wp\/v2\/pages\/649\/revisions\/1636"}],"wp:attachment":[{"href":"https:\/\/www.spikeri.lv\/ru\/wp-json\/wp\/v2\/media?parent=649"}],"curies":[{"name":"wp","href":"https:\/\/api.w.org\/{rel}","templated":true}]}}